{"id":86931,"date":"2021-02-22T15:25:33","date_gmt":"2021-02-22T14:25:33","guid":{"rendered":"https:\/\/althing.fr\/?page_id=86931"},"modified":"2022-04-20T12:47:34","modified_gmt":"2022-04-20T10:47:34","slug":"nos-outils","status":"publish","type":"page","link":"https:\/\/althing.fr\/en\/nos-outils\/","title":{"rendered":"our tools"},"content":{"rendered":"<div data-parent=\"true\" class=\"vc_row max-center-container row-container boomapps_vcrow\"><div class=\"row limit-width row-parent\"><div class=\"row-inner\"><div class=\"pos-top pos-center align_left column_parent col-lg-12 boomapps_vccolumn single-internal-gutter\"><div class=\"uncol style-light animate_when_almost_visible bottom-t-top\"  ><div class=\"uncoltable\"><div class=\"uncell  boomapps_vccolumn no-block-padding\"><div class=\"uncont\"><div class=\"empty-space empty-single\"><span class=\"empty-space-inner\"><\/span><\/div>\n\n\t<div class=\"wpb_raw_code wpb_content_element wpb_raw_html\" >\n\t\t<div class=\"wpb_wrapper\">\n\t\t\t<h1 class=\"title-one is-mid\"><span>our<\/span>&nbsp;tools<\/h1>\n\t\t<\/div>\n\t<\/div>\n\n\t<div class=\"wpb_raw_code wpb_content_element wpb_raw_html\" >\n\t\t<div class=\"wpb_wrapper\">\n\t\t\t<span class=\"vertical-bar\"><img decoding=\"async\" src=\"\/wp-content\/uploads\/2021\/02\/vertical-bar.png\" alt=\"vertical bar\"\/><\/span>\n\t\t<\/div>\n\t<\/div>\n<div class=\"uncode-single-media  text-left\"><div class=\"single-wrapper\" style=\"max-width: 100%;\"><div class=\"tmb tmb-light  tmb-media-first tmb-media-last tmb-content-overlay tmb-no-bg\">\n\t\t\t\t\t\t<div class=\"t-inside\"><div class=\"t-entry-visual\"><div class=\"t-entry-visual-tc\"><div class=\"uncode-single-media-wrapper\">\n\t\t\t\t\t\t\t\t\t<img decoding=\"async\" src=\"https:\/\/althing.fr\/wp-content\/uploads\/2021\/03\/21.jpg\" srcset=\"https:\/\/althing.fr\/wp-content\/uploads\/2021\/03\/21.jpg\" width=\"\" height=\"\" alt=\"\"><\/div>\n\t\t\t\t<\/div>\n\t\t\t<\/div><\/div>\n\t\t\t\t\t<\/div><\/div><\/div><\/div><\/div><\/div><\/div><\/div><script id=\"script-185553\" data-row=\"script-185553\" type=\"text\/javascript\">if ( typeof UNCODE !== \"undefined\" ) { UNCODE.initRow(document.getElementById(\"script-185553\")); }<\/script><\/div><\/div><\/div><div data-parent=\"true\" class=\"vc_row row-container boomapps_vcrow\"><div class=\"row limit-width row-parent\"><div class=\"row-inner\"><div class=\"pos-top pos-center align_left column_parent col-lg-12 boomapps_vccolumn single-internal-gutter\"><div class=\"uncol style-light animate_when_almost_visible right-t-left\"  ><div class=\"uncoltable\"><div class=\"uncell  boomapps_vccolumn no-block-padding\"><div class=\"uncont\">\n\t<div class=\"wpb_raw_code wpb_content_element wpb_raw_html\" >\n\t\t<div class=\"wpb_wrapper\">\n\t\t\t<div class=\"arch-background is-right\">\n<\/div>\n\t\t<\/div>\n\t<\/div>\n<\/div><\/div><\/div><\/div><\/div><script id=\"script-150771\" data-row=\"script-150771\" type=\"text\/javascript\">if ( typeof UNCODE !== \"undefined\" ) { UNCODE.initRow(document.getElementById(\"script-150771\")); }<\/script><\/div><\/div><\/div><div data-parent=\"true\" class=\"vc_row max-center-container row-container boomapps_vcrow\"><div class=\"row limit-width row-parent\"><div class=\"row-inner\"><div class=\"pos-top pos-center align_left column_parent col-lg-12 boomapps_vccolumn single-internal-gutter\"><div class=\"uncol style-light animate_when_almost_visible bottom-t-top\"  ><div class=\"uncoltable\"><div class=\"uncell  boomapps_vccolumn no-block-padding\"><div class=\"uncont\">\n\t<div class=\"wpb_raw_code wpb_content_element wpb_raw_html\" >\n\t\t<div class=\"wpb_wrapper\">\n\t\t\t<p class=\"title-one before-pic-security\"><span>Spallian<\/span><br\/>security<\/p>\n\t\t<\/div>\n\t<\/div>\n<div class=\"uncode_text_column justify-me\" ><p>Solving delinquency issues at the municipal as well as inter-municipal level implies having a clear and shared vision of the problems of insecurity that impact the lives of our fellow citizens on a daily basis. All of the spallian group\u2019s core expertise - software publishing, data analysis and advice - has been mobilized to design this powerful and 100% French observatory.<\/p>\n<p><strong>SPALLIAN\u00a0SECURITY<\/strong>\u00a0is an innovative solution for sharing information and observing the facts of insecurity based on data produced by city services (municipal police, technical services, etc.) and its main security co-producing partners (national police, firefighters, lessors, transporters, etc.).<\/p>\n<\/div><div class=\"row-internal row-container boomapps_vcrow\"><div class=\"row row-child\"><div class=\"row-inner\"><div class=\"pos-top pos-center align_left column_child col-lg-6 boomapps_vccolumn single-internal-gutter\"><div class=\"uncol style-light\" ><div class=\"uncoltable\"><div class=\"uncell  boomapps_vccolumn no-block-padding\"><div class=\"uncont\"><div class=\"uncode_text_column cocher\" ><p><strong>The tool is built around two functionalities :<\/strong><\/p>\n<ul>\n<li>The collection of data on insecurity through a specific import module of CSV file<\/li>\n<li>The observation and analysis of these facts (inventory, cartographic analysis, cross-referencing, etc.)<\/li>\n<\/ul>\n<p>Firstly experienced in Plaine Vall\u00e9e (Val d\u00b4Oise, France) with the support of the Ile-de-France region, this public tranquility observatory offers a global view of all the information security in your city.<\/p>\n<\/div>\n\t<div class=\"wpb_raw_code wpb_content_element wpb_raw_html\" >\n\t\t<div class=\"wpb_wrapper\">\n\t\t\t<div class=\"spallian-container\">\n  <a href=\"https:\/\/www.spallian.com\/\" target=\"_blank\">\n    <img decoding=\"async\" src=\"\/wp-content\/uploads\/2021\/03\/logo-spallian.svg\" alt=\"logo spallian\" class=\"spallian-img\" \/>\n  <\/a>\n  <div class=\"linker\"><p><a target=\"_blank\" href=\"https:\/\/www.spallian.com\/\">Discover Spallian<\/a><\/p><\/div>\n<\/div>\n\t\t<\/div>\n\t<\/div>\n<\/div><\/div><\/div><\/div><\/div><div class=\"pos-top pos-center align_left column_child col-lg-6 boomapps_vccolumn single-internal-gutter\"><div class=\"uncol style-light\" ><div class=\"uncoltable\"><div class=\"uncell  boomapps_vccolumn no-block-padding\"><div class=\"uncont\"><div class=\"uncode-single-media  text-right\"><div class=\"single-wrapper\" style=\"max-width: 100%;\"><div class=\"tmb tmb-light  tmb-media-first tmb-media-last tmb-content-overlay tmb-no-bg\">\n\t\t\t\t\t\t<div class=\"t-inside\"><div class=\"t-entry-visual\"><div class=\"t-entry-visual-tc\"><div class=\"uncode-single-media-wrapper\">\n\t\t\t\t\t\t\t\t\t<img decoding=\"async\" src=\"https:\/\/althing.fr\/wp-content\/uploads\/2021\/02\/security-chart.png\" srcset=\"https:\/\/althing.fr\/wp-content\/uploads\/2021\/02\/security-chart.png\" width=\"\" height=\"\" alt=\"\"><\/div>\n\t\t\t\t<\/div>\n\t\t\t<\/div><\/div>\n\t\t\t\t\t<\/div><\/div><\/div><\/div><\/div><\/div><\/div><\/div><\/div><\/div><\/div><\/div><\/div><\/div><\/div><\/div><script id=\"script-117649\" data-row=\"script-117649\" type=\"text\/javascript\">if ( typeof UNCODE !== \"undefined\" ) { UNCODE.initRow(document.getElementById(\"script-117649\")); }<\/script><\/div><\/div><\/div><div data-parent=\"true\" class=\"vc_row row-container boomapps_vcrow\"><div class=\"row limit-width row-parent\"><div class=\"row-inner\"><div class=\"pos-top pos-center align_left column_parent col-lg-12 boomapps_vccolumn single-internal-gutter\"><div class=\"uncol style-light\"  ><div class=\"uncoltable\"><div class=\"uncell  boomapps_vccolumn no-block-padding\"><div class=\"uncont\"><div class=\"empty-space empty-half\"><span class=\"empty-space-inner\"><\/span><\/div>\n<\/div><\/div><\/div><\/div><\/div><script id=\"script-205040\" data-row=\"script-205040\" type=\"text\/javascript\">if ( typeof UNCODE !== \"undefined\" ) { UNCODE.initRow(document.getElementById(\"script-205040\")); }<\/script><\/div><\/div><\/div><div data-parent=\"true\" class=\"vc_row alt-section row-container boomapps_vcrow\"><div class=\"row limit-width row-parent\"><div class=\"row-inner\"><div class=\"pos-middle pos-center align_center column_parent col-lg-12 boomapps_vccolumn single-internal-gutter\"><div class=\"uncol style-light animate_when_almost_visible left-t-right\"  ><div class=\"uncoltable\"><div class=\"uncell  boomapps_vccolumn no-block-padding\"><div class=\"uncont\"><div class=\"row-internal row-container boomapps_vcrow\"><div class=\"row row-child\"><div class=\"row-inner\"><div class=\"pos-top pos-center align_left column_child col-lg-6 boomapps_vccolumn single-internal-gutter\"><div class=\"uncol style-light\" ><div class=\"uncoltable\"><div class=\"uncell  boomapps_vccolumn no-block-padding\"><div class=\"uncont\"><div class=\"uncode-single-media  text-center\"><div class=\"single-wrapper\" style=\"max-width: 100%;\"><div class=\"tmb tmb-light  tmb-media-first tmb-media-last tmb-content-overlay tmb-no-bg\">\n\t\t\t\t\t\t<div class=\"t-inside\"><div class=\"t-entry-visual\"><div class=\"t-entry-visual-tc\"><div class=\"uncode-single-media-wrapper\">\n\t\t\t\t\t\t\t\t\t<img decoding=\"async\" src=\"https:\/\/althing.fr\/wp-content\/uploads\/2021\/02\/drones.png\" srcset=\"https:\/\/althing.fr\/wp-content\/uploads\/2021\/02\/drones.png\" width=\"\" height=\"\" alt=\"\"><\/div>\n\t\t\t\t<\/div>\n\t\t\t<\/div><\/div>\n\t\t\t\t\t<\/div><\/div><\/div><\/div><\/div><\/div><\/div><\/div><div class=\"pos-middle pos-center align_left column_child col-lg-6 boomapps_vccolumn single-internal-gutter\"><div class=\"uncol style-light\" ><div class=\"uncoltable\"><div class=\"uncell  vc_custom_1614876118355 boomapps_vccolumn no-block-padding\"><div class=\"uncont\">\n\t<div class=\"wpb_raw_code wpb_content_element wpb_raw_html\" >\n\t\t<div class=\"wpb_wrapper\">\n\t\t\t<p class=\"title-one before-pic-drone\">Drones<\/p>\n\t\t<\/div>\n\t<\/div>\n<div class=\"uncode_text_column justify-me limit-text\" ><p>In the information gathering phase, Althing uses a drone making aerial photography possible and in accordance with the legislation of the country. These allow you to collect quality information for the risk analysis of your equipment, its periphery and its perimeter.<\/p>\n<\/div><\/div><\/div><\/div><\/div><\/div><\/div><\/div><\/div><\/div><\/div><\/div><\/div><\/div><script id=\"script-126577\" data-row=\"script-126577\" type=\"text\/javascript\">if ( typeof UNCODE !== \"undefined\" ) { UNCODE.initRow(document.getElementById(\"script-126577\")); }<\/script><\/div><\/div><\/div><div data-parent=\"true\" class=\"vc_row dark-section row-container boomapps_vcrow\"><div class=\"row limit-width row-parent\"><div class=\"row-inner\"><div class=\"pos-top pos-center align_left column_parent col-lg-12 boomapps_vccolumn single-internal-gutter\"><div class=\"uncol style-light animate_when_almost_visible right-t-left\"  ><div class=\"uncoltable\"><div class=\"uncell  boomapps_vccolumn no-block-padding\"><div class=\"uncont\"><div class=\"row-internal row-container boomapps_vcrow\"><div class=\"row row-child\"><div class=\"row-inner\"><div class=\"pos-middle pos-left align_left column_child col-lg-6 three-model-div boomapps_vccolumn single-internal-gutter\"><div class=\"uncol style-light\" ><div class=\"uncoltable\"><div class=\"uncell  boomapps_vccolumn no-block-padding\"><div class=\"uncont\">\n\t<div class=\"wpb_raw_code wpb_content_element wpb_raw_html\" >\n\t\t<div class=\"wpb_wrapper\">\n\t\t\t<p class=\"title-one before-pic-3D\"><span>3D<\/span><br\/>Modeling<\/p>\n\t\t<\/div>\n\t<\/div>\n<div class=\"uncode_text_column justify-me\" ><p>In order to best materialize your building and offer a precise and detailed vision of the security issues weighing on your infrastructure, Althing models your equipment in 3 dimensions.<\/p>\n<\/div><div class=\"uncode_text_column cocher\" ><p>This approach brings greater visibility to security elements :<\/p>\n<ul>\n<li>In analyzing the risks and threats weighing on your building and its environment,<\/li>\n<li>In establishing recommendations.<\/li>\n<\/ul>\n<p>\n<\/div><\/div><\/div><\/div><\/div><\/div><div class=\"pos-top pos-right align_right column_child col-lg-6 boomapps_vccolumn single-internal-gutter\"><div class=\"uncol style-light\" ><div class=\"uncoltable\"><div class=\"uncell  vc_custom_1614876087475 boomapps_vccolumn no-block-padding\"><div class=\"uncont\"><div class=\"uncode-single-media  text-center\"><div class=\"single-wrapper\" style=\"max-width: 100%;\"><div class=\"tmb tmb-light  tmb-media-first tmb-media-last tmb-content-overlay tmb-no-bg\">\n\t\t\t\t\t\t<div class=\"t-inside\"><div class=\"t-entry-visual\"><div class=\"t-entry-visual-tc\"><div class=\"uncode-single-media-wrapper\">\n\t\t\t\t\t\t\t\t\t<img decoding=\"async\" src=\"https:\/\/althing.fr\/wp-content\/uploads\/2021\/02\/architect.png\" srcset=\"https:\/\/althing.fr\/wp-content\/uploads\/2021\/02\/architect.png\" width=\"\" height=\"\" alt=\"\"><\/div>\n\t\t\t\t<\/div>\n\t\t\t<\/div><\/div>\n\t\t\t\t\t<\/div><\/div><\/div><\/div><\/div><\/div><\/div><\/div><\/div><\/div><\/div><\/div><\/div><\/div><\/div><\/div><script id=\"script-131690\" data-row=\"script-131690\" type=\"text\/javascript\">if ( typeof UNCODE !== \"undefined\" ) { UNCODE.initRow(document.getElementById(\"script-131690\")); }<\/script><\/div><\/div><\/div><div data-parent=\"true\" class=\"vc_row row-container boomapps_vcrow\"><div class=\"row full-width row-parent\"><div class=\"row-inner\"><div class=\"pos-middle pos-center align_center column_parent col-lg-12 boomapps_vccolumn single-internal-gutter\"><div class=\"uncol style-light animate_when_almost_visible bottom-t-top\"  ><div class=\"uncoltable\"><div class=\"uncell  boomapps_vccolumn no-block-padding\"><div class=\"uncont\"><div class=\"uncode-single-media  is-mid max-limit-arch text-left\"><div class=\"single-wrapper\" style=\"max-width: 100%;\"><div class=\"tmb tmb-light  tmb-media-first tmb-media-last tmb-content-overlay tmb-no-bg\">\n\t\t\t\t\t\t<div class=\"t-inside\"><div class=\"t-entry-visual\"><div class=\"t-entry-visual-tc\"><div class=\"uncode-single-media-wrapper\">\n\t\t\t\t\t\t\t\t\t<img decoding=\"async\" src=\"https:\/\/althing.fr\/wp-content\/uploads\/2026\/01\/cropped-ALTHING-Logo-embleme--e1768985919338.png\" srcset=\"https:\/\/althing.fr\/wp-content\/uploads\/2026\/01\/cropped-ALTHING-Logo-embleme--e1768985919338.png\" width=\"\" height=\"\" alt=\"\"><\/div>\n\t\t\t\t<\/div>\n\t\t\t<\/div><\/div>\n\t\t\t\t\t<\/div><\/div><\/div>\n\t<div class=\"wpb_raw_code wpb_content_element wpb_raw_html\" >\n\t\t<div class=\"wpb_wrapper\">\n\t\t\t<p class=\"title-one is-mid\"><span>let\u2019s work<\/span><br\/>together<\/p>\n\t\t<\/div>\n\t<\/div>\n<div class=\"uncode_text_column\" ><p style=\"text-align: center;\">Contact us to learn more or get information<br \/>\nabout your project<\/p>\n<\/div><\/div><\/div><\/div><\/div><\/div><script id=\"script-485090\" data-row=\"script-485090\" type=\"text\/javascript\">if ( typeof UNCODE !== \"undefined\" ) { UNCODE.initRow(document.getElementById(\"script-485090\")); }<\/script><\/div><\/div><\/div><div data-parent=\"true\" class=\"vc_row row-container boomapps_vcrow\"><div class=\"row limit-width row-parent\"><div class=\"row-inner\"><div class=\"pos-top pos-center align_left column_parent col-lg-12 boomapps_vccolumn single-internal-gutter\"><div class=\"uncol style-light animate_when_almost_visible bottom-t-top\"  ><div class=\"uncoltable\"><div class=\"uncell  boomapps_vccolumn no-block-padding\"><div class=\"uncont\"><div class=\"uncode_text_column address\" ><p style=\"text-align: center;\"><strong>ALTHING<\/strong><br \/>\n<strong>44, rue Chanzy \u2013 75011 PARIS<\/strong><br \/>\n<strong>+33(0) 1 58 39 30 25<\/strong><\/p>\n<\/div><\/div><\/div><\/div><\/div><\/div><script id=\"script-192218\" data-row=\"script-192218\" type=\"text\/javascript\">if ( typeof UNCODE !== \"undefined\" ) { UNCODE.initRow(document.getElementById(\"script-192218\")); }<\/script><\/div><\/div><\/div><div data-parent=\"true\" class=\"vc_row footer-image-container row-container boomapps_vcrow\"><div class=\"row full-width row-parent\"><div class=\"row-inner\"><div class=\"pos-top pos-center align_left column_parent col-lg-12 boomapps_vccolumn single-internal-gutter\"><div class=\"uncol style-light\"  ><div class=\"uncoltable\"><div class=\"uncell  boomapps_vccolumn no-block-padding\"><div class=\"uncont\">\n\t<div class=\"wpb_raw_code wpb_content_element wpb_raw_html\" >\n\t\t<div class=\"wpb_wrapper\">\n\t\t\t<div class=\"footer-image\" style=\"background-image: url('\/wp-content\/uploads\/2021\/03\/39-bas-de-page-outil-et-formation.jpg')\" \/>\n\t\t<\/div>\n\t<\/div>\n<\/div><\/div><\/div><\/div><\/div><script id=\"script-163724\" data-row=\"script-163724\" type=\"text\/javascript\">if ( typeof UNCODE !== \"undefined\" ) { UNCODE.initRow(document.getElementById(\"script-163724\")); }<\/script><\/div><\/div><\/div>","protected":false},"excerpt":{"rendered":"nos&nbsp;outils if ( typeof UNCODE !== \"undefined\" ) { UNCODE.initRow(document.getElementById(\"script-384672\")); } if ( typeof UNCODE !== \"undefined\" ) { UNCODE.initRow(document.getElementById(\"script-761965\")); [...]","protected":false},"author":16,"featured_media":0,"parent":0,"menu_order":0,"comment_status":"closed","ping_status":"closed","template":"","meta":{"footnotes":""},"class_list":["post-86931","page","type-page","status-publish","hentry"],"yoast_head":"<!-- This site is optimized with the Yoast SEO plugin v26.3 - https:\/\/yoast.com\/wordpress\/plugins\/seo\/ -->\n<title>Nos outils - ALTHING, cabinet d&#039;\u00e9tude s\u00fbret\u00e9 et s\u00e9curit\u00e9 publique<\/title>\n<meta name=\"description\" content=\"Depuis 1998, ALTHING vous accompagne dans la d\u00e9finition, la mise en place et l\u2019\u00e9valuation de politiques de s\u00e9curit\u00e9 publique\" \/>\n<meta name=\"robots\" content=\"index, follow, max-snippet:-1, max-image-preview:large, max-video-preview:-1\" \/>\n<link rel=\"canonical\" href=\"https:\/\/althing.fr\/en\/nos-outils\/\" \/>\n<meta property=\"og:locale\" content=\"en_GB\" \/>\n<meta property=\"og:type\" content=\"article\" \/>\n<meta property=\"og:title\" content=\"Nos outils - ALTHING, cabinet d&#039;\u00e9tude s\u00fbret\u00e9 et s\u00e9curit\u00e9 publique\" \/>\n<meta property=\"og:description\" content=\"Depuis 1998, ALTHING vous accompagne dans la d\u00e9finition, la mise en place et l\u2019\u00e9valuation de politiques de s\u00e9curit\u00e9 publique\" \/>\n<meta property=\"og:url\" content=\"https:\/\/althing.fr\/en\/nos-outils\/\" \/>\n<meta property=\"og:site_name\" content=\"ALTHING\" \/>\n<meta property=\"article:modified_time\" content=\"2022-04-20T10:47:34+00:00\" \/>\n<meta name=\"twitter:card\" content=\"summary_large_image\" \/>\n<meta name=\"twitter:label1\" content=\"Estimated reading time\" \/>\n\t<meta name=\"twitter:data1\" content=\"2 minutes\" \/>\n<script type=\"application\/ld+json\" class=\"yoast-schema-graph\">{\"@context\":\"https:\/\/schema.org\",\"@graph\":[{\"@type\":\"WebPage\",\"@id\":\"https:\/\/althing.fr\/nos-outils\/\",\"url\":\"https:\/\/althing.fr\/nos-outils\/\",\"name\":\"Nos outils - ALTHING, cabinet d'\u00e9tude s\u00fbret\u00e9 et s\u00e9curit\u00e9 publique\",\"isPartOf\":{\"@id\":\"https:\/\/althing.fr\/#website\"},\"datePublished\":\"2021-02-22T14:25:33+00:00\",\"dateModified\":\"2022-04-20T10:47:34+00:00\",\"description\":\"Depuis 1998, ALTHING vous accompagne dans la d\u00e9finition, la mise en place et l\u2019\u00e9valuation de politiques de s\u00e9curit\u00e9 publique\",\"breadcrumb\":{\"@id\":\"https:\/\/althing.fr\/nos-outils\/#breadcrumb\"},\"inLanguage\":\"en-GB\",\"potentialAction\":[{\"@type\":\"ReadAction\",\"target\":[\"https:\/\/althing.fr\/nos-outils\/\"]}]},{\"@type\":\"BreadcrumbList\",\"@id\":\"https:\/\/althing.fr\/nos-outils\/#breadcrumb\",\"itemListElement\":[{\"@type\":\"ListItem\",\"position\":1,\"name\":\"Accueil\",\"item\":\"https:\/\/althing.fr\/\"},{\"@type\":\"ListItem\",\"position\":2,\"name\":\"Nos outils\"}]},{\"@type\":\"WebSite\",\"@id\":\"https:\/\/althing.fr\/#website\",\"url\":\"https:\/\/althing.fr\/\",\"name\":\"ALTHING\",\"description\":\"Conseil en s\u00fbret\u00e9 et s\u00e9curit\u00e9 publique au lieu de s\u00e9curit\u00e9 et intelligence \u00e9conomique\",\"publisher\":{\"@id\":\"https:\/\/althing.fr\/#organization\"},\"potentialAction\":[{\"@type\":\"SearchAction\",\"target\":{\"@type\":\"EntryPoint\",\"urlTemplate\":\"https:\/\/althing.fr\/?s={search_term_string}\"},\"query-input\":{\"@type\":\"PropertyValueSpecification\",\"valueRequired\":true,\"valueName\":\"search_term_string\"}}],\"inLanguage\":\"en-GB\"},{\"@type\":\"Organization\",\"@id\":\"https:\/\/althing.fr\/#organization\",\"name\":\"Ecole 89\",\"url\":\"https:\/\/althing.fr\/\",\"logo\":{\"@type\":\"ImageObject\",\"inLanguage\":\"en-GB\",\"@id\":\"https:\/\/althing.fr\/#\/schema\/logo\/image\/\",\"url\":\"\",\"contentUrl\":\"\",\"caption\":\"Ecole 89\"},\"image\":{\"@id\":\"https:\/\/althing.fr\/#\/schema\/logo\/image\/\"}}]}<\/script>\n<!-- \/ Yoast SEO plugin. -->","yoast_head_json":{"title":"Nos outils - ALTHING, cabinet d'\u00e9tude s\u00fbret\u00e9 et s\u00e9curit\u00e9 publique","description":"Depuis 1998, ALTHING vous accompagne dans la d\u00e9finition, la mise en place et l\u2019\u00e9valuation de politiques de s\u00e9curit\u00e9 publique","robots":{"index":"index","follow":"follow","max-snippet":"max-snippet:-1","max-image-preview":"max-image-preview:large","max-video-preview":"max-video-preview:-1"},"canonical":"https:\/\/althing.fr\/en\/nos-outils\/","og_locale":"en_GB","og_type":"article","og_title":"Nos outils - ALTHING, cabinet d'\u00e9tude s\u00fbret\u00e9 et s\u00e9curit\u00e9 publique","og_description":"Depuis 1998, ALTHING vous accompagne dans la d\u00e9finition, la mise en place et l\u2019\u00e9valuation de politiques de s\u00e9curit\u00e9 publique","og_url":"https:\/\/althing.fr\/en\/nos-outils\/","og_site_name":"ALTHING","article_modified_time":"2022-04-20T10:47:34+00:00","twitter_card":"summary_large_image","twitter_misc":{"Estimated reading time":"2 minutes"},"schema":{"@context":"https:\/\/schema.org","@graph":[{"@type":"WebPage","@id":"https:\/\/althing.fr\/nos-outils\/","url":"https:\/\/althing.fr\/nos-outils\/","name":"Nos outils - ALTHING, cabinet d'\u00e9tude s\u00fbret\u00e9 et s\u00e9curit\u00e9 publique","isPartOf":{"@id":"https:\/\/althing.fr\/#website"},"datePublished":"2021-02-22T14:25:33+00:00","dateModified":"2022-04-20T10:47:34+00:00","description":"Depuis 1998, ALTHING vous accompagne dans la d\u00e9finition, la mise en place et l\u2019\u00e9valuation de politiques de s\u00e9curit\u00e9 publique","breadcrumb":{"@id":"https:\/\/althing.fr\/nos-outils\/#breadcrumb"},"inLanguage":"en-GB","potentialAction":[{"@type":"ReadAction","target":["https:\/\/althing.fr\/nos-outils\/"]}]},{"@type":"BreadcrumbList","@id":"https:\/\/althing.fr\/nos-outils\/#breadcrumb","itemListElement":[{"@type":"ListItem","position":1,"name":"Accueil","item":"https:\/\/althing.fr\/"},{"@type":"ListItem","position":2,"name":"Nos outils"}]},{"@type":"WebSite","@id":"https:\/\/althing.fr\/#website","url":"https:\/\/althing.fr\/","name":"ALTHING","description":"Conseil en s\u00fbret\u00e9 et s\u00e9curit\u00e9 publique au lieu de s\u00e9curit\u00e9 et intelligence \u00e9conomique","publisher":{"@id":"https:\/\/althing.fr\/#organization"},"potentialAction":[{"@type":"SearchAction","target":{"@type":"EntryPoint","urlTemplate":"https:\/\/althing.fr\/?s={search_term_string}"},"query-input":{"@type":"PropertyValueSpecification","valueRequired":true,"valueName":"search_term_string"}}],"inLanguage":"en-GB"},{"@type":"Organization","@id":"https:\/\/althing.fr\/#organization","name":"Ecole 89","url":"https:\/\/althing.fr\/","logo":{"@type":"ImageObject","inLanguage":"en-GB","@id":"https:\/\/althing.fr\/#\/schema\/logo\/image\/","url":"","contentUrl":"","caption":"Ecole 89"},"image":{"@id":"https:\/\/althing.fr\/#\/schema\/logo\/image\/"}}]}},"_links":{"self":[{"href":"https:\/\/althing.fr\/en\/wp-json\/wp\/v2\/pages\/86931","targetHints":{"allow":["GET"]}}],"collection":[{"href":"https:\/\/althing.fr\/en\/wp-json\/wp\/v2\/pages"}],"about":[{"href":"https:\/\/althing.fr\/en\/wp-json\/wp\/v2\/types\/page"}],"author":[{"embeddable":true,"href":"https:\/\/althing.fr\/en\/wp-json\/wp\/v2\/users\/16"}],"replies":[{"embeddable":true,"href":"https:\/\/althing.fr\/en\/wp-json\/wp\/v2\/comments?post=86931"}],"version-history":[{"count":61,"href":"https:\/\/althing.fr\/en\/wp-json\/wp\/v2\/pages\/86931\/revisions"}],"predecessor-version":[{"id":87583,"href":"https:\/\/althing.fr\/en\/wp-json\/wp\/v2\/pages\/86931\/revisions\/87583"}],"wp:attachment":[{"href":"https:\/\/althing.fr\/en\/wp-json\/wp\/v2\/media?parent=86931"}],"curies":[{"name":"wp","href":"https:\/\/api.w.org\/{rel}","templated":true}]}}