{"id":86927,"date":"2021-02-22T15:24:51","date_gmt":"2021-02-22T14:24:51","guid":{"rendered":"https:\/\/althing.fr\/?page_id=86927"},"modified":"2026-02-16T15:42:04","modified_gmt":"2026-02-16T14:42:04","slug":"rejoignez-nous","status":"publish","type":"page","link":"https:\/\/althing.fr\/en\/rejoignez-nous\/","title":{"rendered":"Rejoignez Nous"},"content":{"rendered":"<div data-parent=\"true\" class=\"vc_row max-center-container row-container boomapps_vcrow\"><div class=\"row limit-width row-parent\"><div class=\"row-inner\"><div class=\"pos-top pos-center align_left column_parent col-lg-12 boomapps_vccolumn single-internal-gutter\"><div class=\"uncol style-light animate_when_almost_visible bottom-t-top\"  ><div class=\"uncoltable\"><div class=\"uncell  boomapps_vccolumn no-block-padding\"><div class=\"uncont\"><div class=\"empty-space empty-single\"><span class=\"empty-space-inner\"><\/span><\/div>\n\n\t<div class=\"wpb_raw_code wpb_content_element wpb_raw_html\" >\n\t\t<div class=\"wpb_wrapper\">\n\t\t\t<h1 class=\"title-one is-mid\"><span>Join<\/span>US<\/h1>\n\t\t<\/div>\n\t<\/div>\n\n\t<div class=\"wpb_raw_code wpb_content_element wpb_raw_html\" >\n\t\t<div class=\"wpb_wrapper\">\n\t\t\t<span class=\"vertical-bar\"><img decoding=\"async\" src=\"\/wp-content\/uploads\/2021\/02\/vertical-bar.png\" alt=\"vertical bar\"\/><\/span>\n\t\t<\/div>\n\t<\/div>\n<div class=\"uncode_text_column max-text-container\" ><\/p>\n<p style=\"text-align: center;\">ALTHING is always looking for new talent. Send your spontaneous application to <a href=\"mailto:contact@althing.fr\">contact@althing.fr<\/a> or visit our social networks<\/p>\n<p>\n<\/div>\n\t<div class=\"wpb_raw_code wpb_content_element wpb_raw_html\" >\n\t\t<div class=\"wpb_wrapper\">\n\t\t\t<div class=\"social-button-container centered\">\n    <a target=\"_blank\" href=\"https:\/\/www.linkedin.com\/company\/althing-sas\"><i class=\"fa fa-2x fa-linkedin\"><\/i><\/a>\n    <a target=\"_blank\" href=\"https:\/\/twitter.com\/althingfr?lang=en\"><i class=\"fa fa-2x fa-twitter\"><\/i><\/a>\n    <a target=\"_blank\" href=\"https:\/\/www.youtube.com\/channel\/UCTGtvUe5uZgpCbeKgMFp_OA\"><i class=\"fa fa-2x fa-youtube\"><\/i><\/a>\n<\/div>\n\t\t<\/div>\n\t<\/div>\n<div class=\"uncode-single-media  text-left\"><div class=\"single-wrapper\" style=\"max-width: 100%;\"><div class=\"tmb tmb-light  tmb-media-first tmb-media-last tmb-content-overlay tmb-no-bg\">\n\t\t\t\t\t\t<div class=\"t-inside\"><div class=\"t-entry-visual\"><div class=\"t-entry-visual-tc\"><div class=\"uncode-single-media-wrapper\">\n\t\t\t\t\t\t\t\t\t<img decoding=\"async\" src=\"https:\/\/althing.fr\/wp-content\/uploads\/2021\/03\/7.jpg\" srcset=\"https:\/\/althing.fr\/wp-content\/uploads\/2021\/03\/7.jpg\" width=\"\" height=\"\" alt=\"\"><\/div>\n\t\t\t\t<\/div>\n\t\t\t<\/div><\/div>\n\t\t\t\t\t<\/div><\/div><\/div><div class=\"empty-space empty-double\"><span class=\"empty-space-inner\"><\/span><\/div>\n<\/div><\/div><\/div><\/div><\/div><script id=\"script-103175\" data-row=\"script-103175\" type=\"text\/javascript\">if ( typeof UNCODE !== \"undefined\" ) { UNCODE.initRow(document.getElementById(\"script-103175\")); }<\/script><\/div><\/div><\/div><div data-parent=\"true\" class=\"vc_row max-center-container row-container boomapps_vcrow\"><div class=\"row limit-width row-parent\"><div class=\"row-inner\"><div class=\"pos-top pos-center align_left column_parent col-lg-12 boomapps_vccolumn single-internal-gutter\"><div class=\"uncol style-light animate_when_almost_visible bottom-t-top\"  ><div class=\"uncoltable\"><div class=\"uncell  boomapps_vccolumn no-block-padding\"><div class=\"uncont\">\n\t<div class=\"wpb_raw_code wpb_content_element wpb_raw_html\" >\n\t\t<div class=\"wpb_wrapper\">\n\t\t\t<p class=\"title-one is-mid\"><span>Our<\/span>&nbsp;wealth :<\/p>\n\t\t<\/div>\n\t<\/div>\n\n\t<div class=\"wpb_raw_code wpb_content_element wpb_raw_html\" >\n\t\t<div class=\"wpb_wrapper\">\n\t\t\t<span class=\"vertical-bar\"><img decoding=\"async\" src=\"\/wp-content\/uploads\/2021\/02\/vertical-bar.png\" alt=\"vertical bar\"\/><\/span>\n\t\t<\/div>\n\t<\/div>\n<div class=\"uncode_text_column max-text-container\" ><\/p>\n<p style=\"text-align: center;\">Permanent consultants, passionate about security and committed to their personal and associative life<\/p>\n<p>\n<\/div><div class=\"uncode-single-media  schema-sizer text-left\"><div class=\"single-wrapper\" style=\"max-width: 100%;\"><div class=\"tmb tmb-light  tmb-media-first tmb-media-last tmb-content-overlay tmb-no-bg\">\n\t\t\t\t\t\t<div class=\"t-inside\"><div class=\"t-entry-visual\"><div class=\"t-entry-visual-tc\"><div class=\"uncode-single-media-wrapper\">\n\t\t\t\t\t\t\t\t\t<img decoding=\"async\" src=\"https:\/\/althing.fr\/wp-content\/uploads\/2026\/02\/Spallian-54-1-scaled.jpg\" srcset=\"https:\/\/althing.fr\/wp-content\/uploads\/2026\/02\/Spallian-54-1-scaled.jpg\" width=\"\" height=\"\" alt=\"\"><\/div>\n\t\t\t\t<\/div>\n\t\t\t<\/div><\/div>\n\t\t\t\t\t<\/div><\/div><\/div><div class=\"empty-space empty-double\"><span class=\"empty-space-inner\"><\/span><\/div>\n<\/div><\/div><\/div><\/div><\/div><script id=\"script-165440\" data-row=\"script-165440\" type=\"text\/javascript\">if ( typeof UNCODE !== \"undefined\" ) { UNCODE.initRow(document.getElementById(\"script-165440\")); }<\/script><\/div><\/div><\/div><div data-parent=\"true\" class=\"vc_row dark-section row-container boomapps_vcrow\"><div class=\"row limit-width row-parent\"><div class=\"row-inner\"><div class=\"pos-top pos-center align_left column_parent col-lg-12 boomapps_vccolumn single-internal-gutter\"><div class=\"uncol style-light animate_when_almost_visible bottom-t-top\"  ><div class=\"uncoltable\"><div class=\"uncell  boomapps_vccolumn no-block-padding\"><div class=\"uncont\"><div class=\"empty-space empty-single\"><span class=\"empty-space-inner\"><\/span><\/div>\n\n\t<div class=\"wpb_raw_code wpb_content_element wpb_raw_html\" >\n\t\t<div class=\"wpb_wrapper\">\n\t\t\t<p class=\"title-one is-mid\"><span>Our priority is<\/span><br\/>well-being at work<\/p>\n\t\t<\/div>\n\t<\/div>\n\n\t<div class=\"wpb_raw_code wpb_content_element wpb_raw_html\" >\n\t\t<div class=\"wpb_wrapper\">\n\t\t\t<span class=\"vertical-bar\"><img decoding=\"async\" src=\"\/wp-content\/uploads\/2021\/02\/vertical-bar.png\" alt=\"vertical bar\"\/><\/span>\n\t\t<\/div>\n\t<\/div>\n<div class=\"uncode_text_column max-text-container\" ><\/p>\n<p style=\"text-align: center;\">The company's first investment and operating budget, our offices allow our team to work in an environment conducive to concentration.<\/p>\n<p>\n<\/div><div class=\"uncode-single-media  trophee-sizer text-center\"><div class=\"single-wrapper\" style=\"max-width: 100%;\"><div class=\"tmb tmb-light  tmb-media-first tmb-media-last tmb-content-overlay tmb-no-bg\">\n\t\t\t\t\t\t<div class=\"t-inside\"><div class=\"t-entry-visual\"><div class=\"t-entry-visual-tc\"><div class=\"uncode-single-media-wrapper\">\n\t\t\t\t\t\t\t\t\t<img decoding=\"async\" src=\"https:\/\/althing.fr\/wp-content\/uploads\/2021\/02\/lauriers-e1614268793662.png\" srcset=\"https:\/\/althing.fr\/wp-content\/uploads\/2021\/02\/lauriers-e1614268793662.png\" width=\"\" height=\"\" alt=\"\"><\/div>\n\t\t\t\t<\/div>\n\t\t\t<\/div><\/div>\n\t\t\t\t\t<\/div><\/div><\/div><div class=\"uncode_text_column mention\" ><\/p>\n<p style=\"text-align: center;\">1st prize<br \/>\nin the quality of life at work category<\/p>\n<p>\n<\/div><div class=\"empty-space empty-double\"><span class=\"empty-space-inner\"><\/span><\/div>\n\n\t<div class=\"wpb_raw_code wpb_content_element wpb_raw_html\" >\n\t\t<div class=\"wpb_wrapper\">\n\t\t\t<iframe class=\"yt-iframe\" src=\"https:\/\/www.youtube.com\/embed\/9Dy3VhT1I8o\" frameborder=\"0\" allow=\"accelerometer; autoplay; clipboard-write; encrypted-media; gyroscope; picture-in-picture\" allowfullscreen><\/iframe>\n\t\t<\/div>\n\t<\/div>\n<div class=\"empty-space empty-double\"><span class=\"empty-space-inner\"><\/span><\/div>\n<div class=\"uncode_text_column\" ><\/p>\n<p style=\"text-align: center;\">ALTHING<br \/>\n44, rue Chanzy \u2013 75011 PARIS<br \/>\n+33(0) 1 58 39 30 25<\/p>\n<p>\n<\/div><\/div><\/div><\/div><\/div><\/div><script id=\"script-113714\" data-row=\"script-113714\" type=\"text\/javascript\">if ( typeof UNCODE !== \"undefined\" ) { UNCODE.initRow(document.getElementById(\"script-113714\")); }<\/script><\/div><\/div><\/div>","protected":false},"excerpt":{"rendered":"Rejoignez-Nous ALTHNG est toujours \u00e0 la recherche de nouveaux talents, envoyez votre candidature spontan\u00e9e \u00e0 contact@althing.fr ou rendez-vous sur nos [...]","protected":false},"author":16,"featured_media":0,"parent":0,"menu_order":0,"comment_status":"closed","ping_status":"closed","template":"","meta":{"footnotes":""},"class_list":["post-86927","page","type-page","status-publish","hentry"],"yoast_head":"<!-- This site is optimized with the Yoast SEO plugin v26.3 - https:\/\/yoast.com\/wordpress\/plugins\/seo\/ -->\n<title>Rejoignez Nous - ALTHING<\/title>\n<meta name=\"description\" content=\"Althing est toujours \u00e0 la recherche de nouveaux talents, envoyez nous votre candidature spontan\u00e9e ou rendez-vous sur nos r\u00e9seaux sociaux.\" \/>\n<meta name=\"robots\" content=\"index, follow, max-snippet:-1, max-image-preview:large, max-video-preview:-1\" \/>\n<link rel=\"canonical\" href=\"https:\/\/althing.fr\/en\/rejoignez-nous\/\" \/>\n<meta property=\"og:locale\" content=\"en_GB\" \/>\n<meta property=\"og:type\" content=\"article\" \/>\n<meta property=\"og:title\" content=\"Rejoignez Nous - ALTHING\" \/>\n<meta property=\"og:description\" content=\"Althing est toujours \u00e0 la recherche de nouveaux talents, envoyez nous votre candidature spontan\u00e9e ou rendez-vous sur nos r\u00e9seaux sociaux.\" \/>\n<meta property=\"og:url\" content=\"https:\/\/althing.fr\/en\/rejoignez-nous\/\" \/>\n<meta property=\"og:site_name\" content=\"ALTHING\" \/>\n<meta property=\"article:modified_time\" content=\"2026-02-16T14:42:04+00:00\" \/>\n<meta name=\"twitter:card\" content=\"summary_large_image\" \/>\n<meta name=\"twitter:label1\" content=\"Estimated reading time\" \/>\n\t<meta name=\"twitter:data1\" content=\"1 minute\" \/>\n<script type=\"application\/ld+json\" class=\"yoast-schema-graph\">{\"@context\":\"https:\/\/schema.org\",\"@graph\":[{\"@type\":\"WebPage\",\"@id\":\"https:\/\/althing.fr\/rejoignez-nous\/\",\"url\":\"https:\/\/althing.fr\/rejoignez-nous\/\",\"name\":\"Rejoignez Nous - ALTHING\",\"isPartOf\":{\"@id\":\"https:\/\/althing.fr\/#website\"},\"datePublished\":\"2021-02-22T14:24:51+00:00\",\"dateModified\":\"2026-02-16T14:42:04+00:00\",\"description\":\"Althing est toujours \u00e0 la recherche de nouveaux talents, envoyez nous votre candidature spontan\u00e9e ou rendez-vous sur nos r\u00e9seaux sociaux.\",\"breadcrumb\":{\"@id\":\"https:\/\/althing.fr\/rejoignez-nous\/#breadcrumb\"},\"inLanguage\":\"en-GB\",\"potentialAction\":[{\"@type\":\"ReadAction\",\"target\":[\"https:\/\/althing.fr\/rejoignez-nous\/\"]}]},{\"@type\":\"BreadcrumbList\",\"@id\":\"https:\/\/althing.fr\/rejoignez-nous\/#breadcrumb\",\"itemListElement\":[{\"@type\":\"ListItem\",\"position\":1,\"name\":\"Accueil\",\"item\":\"https:\/\/althing.fr\/\"},{\"@type\":\"ListItem\",\"position\":2,\"name\":\"Rejoignez Nous\"}]},{\"@type\":\"WebSite\",\"@id\":\"https:\/\/althing.fr\/#website\",\"url\":\"https:\/\/althing.fr\/\",\"name\":\"ALTHING\",\"description\":\"Conseil en s\u00fbret\u00e9 et s\u00e9curit\u00e9 publique au lieu de s\u00e9curit\u00e9 et intelligence \u00e9conomique\",\"publisher\":{\"@id\":\"https:\/\/althing.fr\/#organization\"},\"potentialAction\":[{\"@type\":\"SearchAction\",\"target\":{\"@type\":\"EntryPoint\",\"urlTemplate\":\"https:\/\/althing.fr\/?s={search_term_string}\"},\"query-input\":{\"@type\":\"PropertyValueSpecification\",\"valueRequired\":true,\"valueName\":\"search_term_string\"}}],\"inLanguage\":\"en-GB\"},{\"@type\":\"Organization\",\"@id\":\"https:\/\/althing.fr\/#organization\",\"name\":\"Ecole 89\",\"url\":\"https:\/\/althing.fr\/\",\"logo\":{\"@type\":\"ImageObject\",\"inLanguage\":\"en-GB\",\"@id\":\"https:\/\/althing.fr\/#\/schema\/logo\/image\/\",\"url\":\"\",\"contentUrl\":\"\",\"caption\":\"Ecole 89\"},\"image\":{\"@id\":\"https:\/\/althing.fr\/#\/schema\/logo\/image\/\"}}]}<\/script>\n<!-- \/ Yoast SEO plugin. -->","yoast_head_json":{"title":"Rejoignez Nous - ALTHING","description":"Althing est toujours \u00e0 la recherche de nouveaux talents, envoyez nous votre candidature spontan\u00e9e ou rendez-vous sur nos r\u00e9seaux sociaux.","robots":{"index":"index","follow":"follow","max-snippet":"max-snippet:-1","max-image-preview":"max-image-preview:large","max-video-preview":"max-video-preview:-1"},"canonical":"https:\/\/althing.fr\/en\/rejoignez-nous\/","og_locale":"en_GB","og_type":"article","og_title":"Rejoignez Nous - ALTHING","og_description":"Althing est toujours \u00e0 la recherche de nouveaux talents, envoyez nous votre candidature spontan\u00e9e ou rendez-vous sur nos r\u00e9seaux sociaux.","og_url":"https:\/\/althing.fr\/en\/rejoignez-nous\/","og_site_name":"ALTHING","article_modified_time":"2026-02-16T14:42:04+00:00","twitter_card":"summary_large_image","twitter_misc":{"Estimated reading time":"1 minute"},"schema":{"@context":"https:\/\/schema.org","@graph":[{"@type":"WebPage","@id":"https:\/\/althing.fr\/rejoignez-nous\/","url":"https:\/\/althing.fr\/rejoignez-nous\/","name":"Rejoignez Nous - ALTHING","isPartOf":{"@id":"https:\/\/althing.fr\/#website"},"datePublished":"2021-02-22T14:24:51+00:00","dateModified":"2026-02-16T14:42:04+00:00","description":"Althing est toujours \u00e0 la recherche de nouveaux talents, envoyez nous votre candidature spontan\u00e9e ou rendez-vous sur nos r\u00e9seaux sociaux.","breadcrumb":{"@id":"https:\/\/althing.fr\/rejoignez-nous\/#breadcrumb"},"inLanguage":"en-GB","potentialAction":[{"@type":"ReadAction","target":["https:\/\/althing.fr\/rejoignez-nous\/"]}]},{"@type":"BreadcrumbList","@id":"https:\/\/althing.fr\/rejoignez-nous\/#breadcrumb","itemListElement":[{"@type":"ListItem","position":1,"name":"Accueil","item":"https:\/\/althing.fr\/"},{"@type":"ListItem","position":2,"name":"Rejoignez Nous"}]},{"@type":"WebSite","@id":"https:\/\/althing.fr\/#website","url":"https:\/\/althing.fr\/","name":"ALTHING","description":"Conseil en s\u00fbret\u00e9 et s\u00e9curit\u00e9 publique au lieu de s\u00e9curit\u00e9 et intelligence \u00e9conomique","publisher":{"@id":"https:\/\/althing.fr\/#organization"},"potentialAction":[{"@type":"SearchAction","target":{"@type":"EntryPoint","urlTemplate":"https:\/\/althing.fr\/?s={search_term_string}"},"query-input":{"@type":"PropertyValueSpecification","valueRequired":true,"valueName":"search_term_string"}}],"inLanguage":"en-GB"},{"@type":"Organization","@id":"https:\/\/althing.fr\/#organization","name":"Ecole 89","url":"https:\/\/althing.fr\/","logo":{"@type":"ImageObject","inLanguage":"en-GB","@id":"https:\/\/althing.fr\/#\/schema\/logo\/image\/","url":"","contentUrl":"","caption":"Ecole 89"},"image":{"@id":"https:\/\/althing.fr\/#\/schema\/logo\/image\/"}}]}},"_links":{"self":[{"href":"https:\/\/althing.fr\/en\/wp-json\/wp\/v2\/pages\/86927","targetHints":{"allow":["GET"]}}],"collection":[{"href":"https:\/\/althing.fr\/en\/wp-json\/wp\/v2\/pages"}],"about":[{"href":"https:\/\/althing.fr\/en\/wp-json\/wp\/v2\/types\/page"}],"author":[{"embeddable":true,"href":"https:\/\/althing.fr\/en\/wp-json\/wp\/v2\/users\/16"}],"replies":[{"embeddable":true,"href":"https:\/\/althing.fr\/en\/wp-json\/wp\/v2\/comments?post=86927"}],"version-history":[{"count":37,"href":"https:\/\/althing.fr\/en\/wp-json\/wp\/v2\/pages\/86927\/revisions"}],"predecessor-version":[{"id":88189,"href":"https:\/\/althing.fr\/en\/wp-json\/wp\/v2\/pages\/86927\/revisions\/88189"}],"wp:attachment":[{"href":"https:\/\/althing.fr\/en\/wp-json\/wp\/v2\/media?parent=86927"}],"curies":[{"name":"wp","href":"https:\/\/api.w.org\/{rel}","templated":true}]}}