{"id":86898,"date":"2021-02-22T11:55:23","date_gmt":"2021-02-22T10:55:23","guid":{"rendered":"https:\/\/althing.fr\/?page_id=86898"},"modified":"2026-02-05T09:33:04","modified_gmt":"2026-02-05T08:33:04","slug":"contact","status":"publish","type":"page","link":"https:\/\/althing.fr\/en\/contact\/","title":{"rendered":"Contact us"},"content":{"rendered":"<div data-parent=\"true\" class=\"vc_row row-container boomapps_vcrow\"><div class=\"row limit-width row-parent\"><div class=\"row-inner\"><div class=\"pos-top pos-center align_left column_parent col-lg-12 boomapps_vccolumn single-internal-gutter\"><div class=\"uncol style-light animate_when_almost_visible bottom-t-top\"  ><div class=\"uncoltable\"><div class=\"uncell  boomapps_vccolumn no-block-padding\"><div class=\"uncont\">\n\t<div class=\"wpb_raw_code wpb_content_element wpb_raw_html\" >\n\t\t<div class=\"wpb_wrapper\">\n\t\t\t<h1 class=\"title-one is-mid\"><span>Contact\t&nbsp;<\/span>us<\/h1>\n\t\t<\/div>\n\t<\/div>\n\n\t<div class=\"wpb_raw_code wpb_content_element wpb_raw_html\" >\n\t\t<div class=\"wpb_wrapper\">\n\t\t\t<span class=\"vertical-bar\"><img decoding=\"async\" src=\"\/wp-content\/uploads\/2021\/02\/vertical-bar.png\" alt=\"vertical bar\"\/><\/span>\n\t\t<\/div>\n\t<\/div>\n<\/div><\/div><\/div><\/div><\/div><script id=\"script-177819\" data-row=\"script-177819\" type=\"text\/javascript\">if ( typeof UNCODE !== \"undefined\" ) { UNCODE.initRow(document.getElementById(\"script-177819\")); }<\/script><\/div><\/div><\/div><div data-parent=\"true\" class=\"vc_row row-container boomapps_vcrow\"><div class=\"row limit-width row-parent\"><div class=\"row-inner\"><div class=\"pos-top pos-center align_left column_parent col-lg-12 boomapps_vccolumn single-internal-gutter\"><div class=\"uncol style-light animate_when_almost_visible bottom-t-top\"  ><div class=\"uncoltable\"><div class=\"uncell  boomapps_vccolumn no-block-padding\"><div class=\"uncont\">\n\t<div class=\"wpb_raw_code wpb_content_element wpb_raw_html\" >\n\t\t<div class=\"wpb_wrapper\">\n\t\t\t<div class=\"form-container\">\n  <div class=\"form-header-container\">\n    <div class=\"form-header header-one current-header\">Email contact<\/div>\n  <\/div>\n  <div class=\"form-content form-one current-form\"><noscript class=\"ninja-forms-noscript-message\">\n\tNotice: JavaScript is required for this content.<\/noscript>\n<div id=\"nf-form-12-cont\" class=\"nf-form-cont\" aria-live=\"polite\" aria-labelledby=\"nf-form-title-12\" aria-describedby=\"nf-form-errors-12\" role=\"form\">\n\n    <div class=\"nf-loading-spinner\"><\/div>\n\n<\/div>\n        <!-- That data is being printed as a workaround to page builders reordering the order of the scripts loaded-->\n        <script>var formDisplay=1;var nfForms=nfForms||[];var form=[];form.id='12';form.settings={\"objectType\":\"Form Setting\",\"editActive\":true,\"title\":\"Contact par mail\",\"show_title\":0,\"allow_public_link\":0,\"embed_form\":\"\",\"clear_complete\":1,\"hide_complete\":1,\"default_label_pos\":\"above\",\"wrapper_class\":\"\",\"element_class\":\"\",\"key\":\"\",\"add_submit\":1,\"currency\":\"\",\"repeatable_fieldsets\":\"\",\"unique_field_error\":\"Un formulaire avec cette valeur a d\\u00e9j\\u00e0 \\u00e9t\\u00e9 envoy\\u00e9.\",\"logged_in\":false,\"not_logged_in_msg\":\"\",\"sub_limit_msg\":\"Le formulaire a atteint sa limite d\\u2019entr\\u00e9es.\",\"calculations\":[],\"formContentData\":[\"html_1614796924547\",\"lastname_1614250533939\",\"firstname_1614250534836\",\"telephone_1614250550003\",\"email_1614250554290\",\"votre_message_1614250559907\",\"recaptcha_1614789497221\",\"envoyer_1614250788722\"],\"changeEmailErrorMsg\":\"Please enter a valid email address!\",\"changeDateErrorMsg\":\"Please enter a valid date!\",\"confirmFieldErrorMsg\":\"These fields must match!\",\"fieldNumberNumMinError\":\"Number Min Error\",\"fieldNumberNumMaxError\":\"Number Max Error\",\"fieldNumberIncrementBy\":\"Please increment by \",\"formErrorsCorrectErrors\":\"Please correct errors before submitting this form.\",\"validateRequiredField\":\"This is a required field.\",\"honeypotHoneypotError\":\"Honeypot Error\",\"fieldsMarkedRequired\":\"Fields marked with an <span class=\\\"ninja-forms-req-symbol\\\">*<\\\/span> are required\",\"drawerDisabled\":false,\"ninjaForms\":\"Ninja Forms\",\"fieldTextareaRTEInsertLink\":\"Insert Link\",\"fieldTextareaRTEInsertMedia\":\"Insert Media\",\"fieldTextareaRTESelectAFile\":\"Select a file\",\"formHoneypot\":\"If you are a human seeing this field, please leave it empty.\",\"fileUploadOldCodeFileUploadInProgress\":\"File Upload in Progress.\",\"fileUploadOldCodeFileUpload\":\"FILE UPLOAD\",\"currencySymbol\":\"&euro;\",\"thousands_sep\":\",\",\"decimal_point\":\".\",\"siteLocale\":\"en_GB\",\"dateFormat\":\"d\\\/m\\\/Y\",\"startOfWeek\":\"1\",\"of\":\"of\",\"previousMonth\":\"Previous Month\",\"nextMonth\":\"Next Month\",\"months\":[\"January\",\"February\",\"March\",\"April\",\"May\",\"June\",\"July\",\"August\",\"September\",\"October\",\"November\",\"December\"],\"monthsShort\":[\"Jan\",\"Feb\",\"Mar\",\"Apr\",\"May\",\"Jun\",\"Jul\",\"Aug\",\"Sep\",\"Oct\",\"Nov\",\"Dec\"],\"weekdays\":[\"Sunday\",\"Monday\",\"Tuesday\",\"Wednesday\",\"Thursday\",\"Friday\",\"Saturday\"],\"weekdaysShort\":[\"Sun\",\"Mon\",\"Tue\",\"Wed\",\"Thu\",\"Fri\",\"Sat\"],\"weekdaysMin\":[\"Su\",\"Mo\",\"Tu\",\"We\",\"Th\",\"Fr\",\"Sa\"],\"recaptchaConsentMissing\":\"reCaptcha validation couldn&#039;t load.\",\"recaptchaMissingCookie\":\"reCaptcha v3 validation couldn&#039;t load the cookie needed to submit the form.\",\"recaptchaConsentEvent\":\"Accept reCaptcha cookies before sending the form.\",\"currency_symbol\":\"\",\"beforeForm\":\"\",\"beforeFields\":\"\",\"afterFields\":\"\",\"afterForm\":\"\"};form.fields=[{\"objectType\":\"Field\",\"objectDomain\":\"fields\",\"editActive\":false,\"order\":1,\"idAttribute\":\"id\",\"type\":\"html\",\"label\":\"HTML\",\"default\":\"<div class=\\\"step-header-container\\\">\\n  <span class=\\\"step-title\\\">Renseignez vos coordonn\\u00e9es pour \\u00eatre conseill\\u00e9 par nos experts.<\\\/span>\\n<\\\/div>\",\"container_class\":\"\",\"element_class\":\"\",\"key\":\"html_1614796924547\",\"drawerDisabled\":false,\"id\":135,\"beforeField\":\"\",\"afterField\":\"\",\"value\":\"<div class=\\\"step-header-container\\\">\\n  <span class=\\\"step-title\\\">Renseignez vos coordonn\\u00e9es pour \\u00eatre conseill\\u00e9 par nos experts.<\\\/span>\\n<\\\/div>\",\"label_pos\":\"above\",\"parentType\":\"html\",\"element_templates\":[\"html\",\"input\"],\"old_classname\":\"\",\"wrap_template\":\"wrap\"},{\"objectType\":\"Field\",\"objectDomain\":\"fields\",\"editActive\":false,\"order\":2,\"idAttribute\":\"id\",\"type\":\"lastname\",\"label\":\"Nom\",\"key\":\"lastname_1614250533939\",\"label_pos\":\"above\",\"required\":false,\"default\":\"\",\"placeholder\":\"Nom\",\"container_class\":\"\",\"element_class\":\"\",\"admin_label\":\"\",\"help_text\":\"\",\"custom_name_attribute\":\"lname\",\"personally_identifiable\":1,\"value\":\"\",\"id\":123,\"beforeField\":\"\",\"afterField\":\"\",\"parentType\":\"lastname\",\"element_templates\":[\"lastname\",\"input\"],\"old_classname\":\"\",\"wrap_template\":\"wrap\"},{\"objectType\":\"Field\",\"objectDomain\":\"fields\",\"editActive\":false,\"order\":3,\"idAttribute\":\"id\",\"type\":\"firstname\",\"label\":\"Pr\\u00e9nom\",\"key\":\"firstname_1614250534836\",\"label_pos\":\"above\",\"required\":false,\"default\":\"\",\"placeholder\":\"Pr\\u00e9nom\",\"container_class\":\"\",\"element_class\":\"\",\"admin_label\":\"\",\"help_text\":\"\",\"custom_name_attribute\":\"fname\",\"personally_identifiable\":1,\"value\":\"\",\"id\":124,\"beforeField\":\"\",\"afterField\":\"\",\"parentType\":\"firstname\",\"element_templates\":[\"firstname\",\"input\"],\"old_classname\":\"\",\"wrap_template\":\"wrap\"},{\"objectType\":\"Field\",\"objectDomain\":\"fields\",\"editActive\":false,\"order\":4,\"idAttribute\":\"id\",\"type\":\"phone\",\"label\":\"T\\u00e9l\\u00e9phone\",\"key\":\"telephone_1614250550003\",\"label_pos\":\"above\",\"required\":false,\"default\":\"\",\"placeholder\":\"T\\u00e9l\\u00e9phone\",\"container_class\":\"\",\"element_class\":\"\",\"input_limit\":\"\",\"input_limit_type\":\"characters\",\"input_limit_msg\":\"Caract\\u00e8re(s) restant(s)\",\"manual_key\":false,\"admin_label\":\"\",\"help_text\":\"\",\"mask\":\"\",\"custom_mask\":\"\",\"custom_name_attribute\":\"phone\",\"personally_identifiable\":1,\"value\":\"\",\"id\":125,\"beforeField\":\"\",\"afterField\":\"\",\"parentType\":\"textbox\",\"element_templates\":[\"tel\",\"textbox\",\"input\"],\"old_classname\":\"\",\"wrap_template\":\"wrap\"},{\"objectType\":\"Field\",\"objectDomain\":\"fields\",\"editActive\":false,\"order\":5,\"idAttribute\":\"id\",\"type\":\"email\",\"label\":\"Email\",\"key\":\"email_1614250554290\",\"label_pos\":\"above\",\"required\":false,\"default\":\"\",\"placeholder\":\"Email\",\"container_class\":\"\",\"element_class\":\"\",\"admin_label\":\"\",\"help_text\":\"\",\"custom_name_attribute\":\"email\",\"personally_identifiable\":1,\"value\":\"\",\"id\":126,\"beforeField\":\"\",\"afterField\":\"\",\"parentType\":\"email\",\"element_templates\":[\"email\",\"input\"],\"old_classname\":\"\",\"wrap_template\":\"wrap\"},{\"objectType\":\"Field\",\"objectDomain\":\"fields\",\"editActive\":false,\"order\":6,\"idAttribute\":\"id\",\"type\":\"textarea\",\"label\":\"Votre message\",\"key\":\"votre_message_1614250559907\",\"label_pos\":\"above\",\"required\":false,\"default\":\"\",\"placeholder\":\"Votre message\",\"container_class\":\"\",\"element_class\":\"\",\"input_limit\":\"\",\"input_limit_type\":\"characters\",\"input_limit_msg\":\"Caract\\u00e8re(s) restant(s)\",\"manual_key\":false,\"admin_label\":\"\",\"help_text\":\"\",\"textarea_rte\":\"\",\"disable_rte_mobile\":\"\",\"textarea_media\":\"\",\"value\":\"\",\"drawerDisabled\":false,\"id\":127,\"beforeField\":\"\",\"afterField\":\"\",\"parentType\":\"textarea\",\"element_templates\":[\"textarea\",\"input\"],\"old_classname\":\"\",\"wrap_template\":\"wrap\"},{\"objectType\":\"Field\",\"objectDomain\":\"fields\",\"editActive\":false,\"order\":7,\"idAttribute\":\"id\",\"label\":\"ReCAPTCHA\",\"type\":\"recaptcha\",\"container_class\":\"\",\"element_class\":\"\",\"size\":\"visible\",\"key\":\"recaptcha_1614789497221\",\"id\":132,\"beforeField\":\"\",\"afterField\":\"\",\"value\":\"\",\"label_pos\":\"above\",\"parentType\":\"textbox\",\"element_templates\":[\"recaptcha\",\"input\"],\"old_classname\":\"\",\"wrap_template\":\"wrap\",\"site_key\":\"6Ld4rnkaAAAAAIY9TquuLYEP3xIMPMMF_Vxx8Wax\",\"theme\":\"light\",\"lang\":\"fr\"},{\"objectType\":\"Field\",\"objectDomain\":\"fields\",\"editActive\":false,\"order\":8,\"idAttribute\":\"id\",\"type\":\"submit\",\"label\":\"envoyer\",\"processing_label\":\"En cours de traitement\",\"container_class\":\"\",\"element_class\":\"\",\"key\":\"envoyer_1614250788722\",\"drawerDisabled\":false,\"id\":129,\"beforeField\":\"\",\"afterField\":\"\",\"value\":\"\",\"label_pos\":\"above\",\"parentType\":\"textbox\",\"element_templates\":[\"submit\",\"button\",\"input\"],\"old_classname\":\"\",\"wrap_template\":\"wrap-no-label\"}];nfForms.push(form);<\/script>\n        <\/div>\n<\/div>\n\t\t<\/div>\n\t<\/div>\n<\/div><\/div><\/div><\/div><\/div><script id=\"script-103984\" data-row=\"script-103984\" type=\"text\/javascript\">if ( typeof UNCODE !== \"undefined\" ) { UNCODE.initRow(document.getElementById(\"script-103984\")); }<\/script><\/div><\/div><\/div><div data-parent=\"true\" class=\"vc_row row-container boomapps_vcrow\"><div class=\"row limit-width row-parent\"><div class=\"row-inner\"><div class=\"pos-top pos-center align_left column_parent col-lg-12 boomapps_vccolumn single-internal-gutter\"><div class=\"uncol style-light animate_when_almost_visible bottom-t-top\"  ><div class=\"uncoltable\"><div class=\"uncell  boomapps_vccolumn no-block-padding\"><div class=\"uncont\"><div class=\"uncode_text_column informations-text\" ><p>\u201cThe information collected is subject to computerized processing for the purpose of contacting clients who wish to receive additional information about our services. The recipient of the data is ALTHING. In accordance with the French Data Protection Act of 6 January 1978, as amended in 2004, you have the right to access and rectify the information concerning you, which you may exercise by contacting ALTHING. You may also, for legitimate reasons, object to the processing of your personal data.\u201d<\/p>\n<p><a href=\"\/en\/\">reCAPTCHA: Google's privacy policy and terms of use.<\/a><\/p>\n<\/div><\/div><\/div><\/div><\/div><\/div><script id=\"script-155380\" data-row=\"script-155380\" type=\"text\/javascript\">if ( typeof UNCODE !== \"undefined\" ) { UNCODE.initRow(document.getElementById(\"script-155380\")); }<\/script><\/div><\/div><\/div><div data-parent=\"true\" class=\"vc_row row-container boomapps_vcrow\"><div class=\"row limit-width row-parent\"><div class=\"row-inner\"><div class=\"pos-top pos-center align_left column_parent col-lg-12 boomapps_vccolumn single-internal-gutter\"><div class=\"uncol style-light animate_when_almost_visible bottom-t-top\"  ><div class=\"uncoltable\"><div class=\"uncell  boomapps_vccolumn no-block-padding\"><div class=\"uncont\">\n\t<div class=\"wpb_raw_code wpb_content_element wpb_raw_html\" >\n\t\t<div class=\"wpb_wrapper\">\n\t\t\t<div class=\"arch-background is-right\">\n<\/div>\n\t\t<\/div>\n\t<\/div>\n<\/div><\/div><\/div><\/div><\/div><script id=\"script-152693\" data-row=\"script-152693\" type=\"text\/javascript\">if ( typeof UNCODE !== \"undefined\" ) { UNCODE.initRow(document.getElementById(\"script-152693\")); }<\/script><\/div><\/div><\/div><div data-parent=\"true\" class=\"vc_row row-container boomapps_vcrow\"><div class=\"row full-width row-parent\"><div class=\"row-inner\"><div class=\"pos-middle pos-center align_center column_parent col-lg-12 boomapps_vccolumn single-internal-gutter\"><div class=\"uncol style-light animate_when_almost_visible bottom-t-top\"  ><div class=\"uncoltable\"><div class=\"uncell  boomapps_vccolumn no-block-padding\"><div class=\"uncont\"><div class=\"uncode-single-media  is-mid max-limit-arch text-left\"><div class=\"single-wrapper\" style=\"max-width: 100%;\"><div class=\"tmb tmb-light  tmb-media-first tmb-media-last tmb-content-overlay tmb-no-bg\">\n\t\t\t\t\t\t<div class=\"t-inside\"><div class=\"t-entry-visual\"><div class=\"t-entry-visual-tc\"><div class=\"uncode-single-media-wrapper\">\n\t\t\t\t\t\t\t\t\t<img decoding=\"async\" src=\"https:\/\/althing.fr\/wp-content\/uploads\/2026\/01\/cropped-ALTHING-Logo-embleme--e1768985919338.png\" srcset=\"https:\/\/althing.fr\/wp-content\/uploads\/2026\/01\/cropped-ALTHING-Logo-embleme--e1768985919338.png\" width=\"\" height=\"\" alt=\"\"><\/div>\n\t\t\t\t<\/div>\n\t\t\t<\/div><\/div>\n\t\t\t\t\t<\/div><\/div><\/div>\n\t<div class=\"wpb_raw_code wpb_content_element wpb_raw_html\" >\n\t\t<div class=\"wpb_wrapper\">\n\t\t\t<p class=\"title-one is-mid\"><span>let\u2019s work<\/span><br\/>together<\/p>\n\t\t<\/div>\n\t<\/div>\n<div class=\"uncode_text_column contact-text\" ><\/p>\n<p style=\"text-align: center;\">Contact us to learn more or get information about your project<\/p>\n<p>\n<\/div><\/div><\/div><\/div><\/div><\/div><script id=\"script-161305\" data-row=\"script-161305\" type=\"text\/javascript\">if ( typeof UNCODE !== \"undefined\" ) { UNCODE.initRow(document.getElementById(\"script-161305\")); }<\/script><\/div><\/div><\/div><div data-parent=\"true\" class=\"vc_row no-padd-y vc_custom_1614269364657 row-container boomapps_vcrow\"><div class=\"row limit-width row-parent\"><div class=\"row-inner\"><div class=\"pos-top pos-center align_left column_parent col-lg-12 boomapps_vccolumn single-internal-gutter\"><div class=\"uncol style-light animate_when_almost_visible bottom-t-top\"  ><div class=\"uncoltable\"><div class=\"uncell  vc_custom_1614962532723 boomapps_vccolumn no-block-padding\"><div class=\"uncont\"><div class=\"uncode_text_column\" ><\/p>\n<p style=\"text-align: center;\"><strong>ALTHING<\/strong><br \/>\n<strong>44, rue Chanzy \u2013 75011 PARIS<\/strong><br \/>\n<strong>+33(0) 1 58 39 30 25<\/strong><\/p>\n<p>\n<\/div><div class=\"empty-space empty-quad\"><span class=\"empty-space-inner\"><\/span><\/div>\n\n\t<div class=\"wpb_raw_code wpb_content_element wpb_raw_html\" >\n\t\t<div class=\"wpb_wrapper\">\n\t\t\t<script>\n\nfunction changeStep() {\n   let elem = jQuery('#contact-custom-button');\n   if (elem.hasClass('Step1')) {\n      elem.removeClass('Step1').addClass('Step2').html('\u00e9tape pr\u00e9c\u00e9dente');\n      jQuery('.contact-form2').css('display','block');\n      jQuery('.contact-form1').css('display','none');\n   }\n   else if (elem.hasClass('Step2')){\n      elem.removeClass('Step2').addClass('Step1').html('\u00e9tape suivante');\n      jQuery('.contact-form1').css('display','block');\n      jQuery('.contact-form2').css('display','none');\n   }\n}\n\njQuery(document).on( 'nfFormReady', function() {\n    if (jQuery(\"#form-stepper-1\").length <= 0) {\n       jQuery('#nf-label-field-115').before('<span id=\"form-stepper-1\" class=\"form-stepper\">1\/2<\/span>');\n    }\n});\n<\/script>\n\t\t<\/div>\n\t<\/div>\n<\/div><\/div><\/div><\/div><\/div><script id=\"script-170921\" data-row=\"script-170921\" type=\"text\/javascript\">if ( typeof UNCODE !== \"undefined\" ) { UNCODE.initRow(document.getElementById(\"script-170921\")); }<\/script><\/div><\/div><\/div>","protected":false},"excerpt":{"rendered":"Contactez-nous if ( typeof UNCODE !== \"undefined\" ) { UNCODE.initRow(document.getElementById(\"script-160293\")); } Contact par mail Notice: JavaScript is required for this [...]","protected":false},"author":16,"featured_media":0,"parent":0,"menu_order":0,"comment_status":"closed","ping_status":"closed","template":"","meta":{"footnotes":""},"class_list":["post-86898","page","type-page","status-publish","hentry"],"yoast_head":"<!-- This site is optimized with the Yoast SEO plugin v26.3 - https:\/\/yoast.com\/wordpress\/plugins\/seo\/ -->\n<title>Contact - ALTHING<\/title>\n<meta name=\"description\" content=\"Contactez nous en renseignant vos coordonn\u00e9es pour \u00eatre conseill\u00e9 par nos experts.\" \/>\n<meta name=\"robots\" content=\"index, follow, max-snippet:-1, max-image-preview:large, max-video-preview:-1\" \/>\n<link rel=\"canonical\" href=\"https:\/\/althing.fr\/en\/contact\/\" \/>\n<meta property=\"og:locale\" content=\"en_GB\" \/>\n<meta property=\"og:type\" content=\"article\" \/>\n<meta property=\"og:title\" content=\"Contact - ALTHING\" \/>\n<meta property=\"og:description\" content=\"Contactez nous en renseignant vos coordonn\u00e9es pour \u00eatre conseill\u00e9 par nos experts.\" \/>\n<meta property=\"og:url\" content=\"https:\/\/althing.fr\/en\/contact\/\" \/>\n<meta property=\"og:site_name\" content=\"ALTHING\" \/>\n<meta property=\"article:modified_time\" content=\"2026-02-05T08:33:04+00:00\" \/>\n<meta name=\"twitter:card\" content=\"summary_large_image\" \/>\n<meta name=\"twitter:label1\" content=\"Estimated reading time\" \/>\n\t<meta name=\"twitter:data1\" content=\"2 minutes\" \/>\n<script type=\"application\/ld+json\" class=\"yoast-schema-graph\">{\"@context\":\"https:\/\/schema.org\",\"@graph\":[{\"@type\":\"WebPage\",\"@id\":\"https:\/\/althing.fr\/contact\/\",\"url\":\"https:\/\/althing.fr\/contact\/\",\"name\":\"Contact - ALTHING\",\"isPartOf\":{\"@id\":\"https:\/\/althing.fr\/#website\"},\"datePublished\":\"2021-02-22T10:55:23+00:00\",\"dateModified\":\"2026-02-05T08:33:04+00:00\",\"description\":\"Contactez nous en renseignant vos coordonn\u00e9es pour \u00eatre conseill\u00e9 par nos experts.\",\"breadcrumb\":{\"@id\":\"https:\/\/althing.fr\/contact\/#breadcrumb\"},\"inLanguage\":\"en-GB\",\"potentialAction\":[{\"@type\":\"ReadAction\",\"target\":[\"https:\/\/althing.fr\/contact\/\"]}]},{\"@type\":\"BreadcrumbList\",\"@id\":\"https:\/\/althing.fr\/contact\/#breadcrumb\",\"itemListElement\":[{\"@type\":\"ListItem\",\"position\":1,\"name\":\"Accueil\",\"item\":\"https:\/\/althing.fr\/\"},{\"@type\":\"ListItem\",\"position\":2,\"name\":\"Contact\"}]},{\"@type\":\"WebSite\",\"@id\":\"https:\/\/althing.fr\/#website\",\"url\":\"https:\/\/althing.fr\/\",\"name\":\"ALTHING\",\"description\":\"Conseil en s\u00fbret\u00e9 et s\u00e9curit\u00e9 publique au lieu de s\u00e9curit\u00e9 et intelligence \u00e9conomique\",\"publisher\":{\"@id\":\"https:\/\/althing.fr\/#organization\"},\"potentialAction\":[{\"@type\":\"SearchAction\",\"target\":{\"@type\":\"EntryPoint\",\"urlTemplate\":\"https:\/\/althing.fr\/?s={search_term_string}\"},\"query-input\":{\"@type\":\"PropertyValueSpecification\",\"valueRequired\":true,\"valueName\":\"search_term_string\"}}],\"inLanguage\":\"en-GB\"},{\"@type\":\"Organization\",\"@id\":\"https:\/\/althing.fr\/#organization\",\"name\":\"Ecole 89\",\"url\":\"https:\/\/althing.fr\/\",\"logo\":{\"@type\":\"ImageObject\",\"inLanguage\":\"en-GB\",\"@id\":\"https:\/\/althing.fr\/#\/schema\/logo\/image\/\",\"url\":\"\",\"contentUrl\":\"\",\"caption\":\"Ecole 89\"},\"image\":{\"@id\":\"https:\/\/althing.fr\/#\/schema\/logo\/image\/\"}}]}<\/script>\n<!-- \/ Yoast SEO plugin. -->","yoast_head_json":{"title":"Contact - ALTHING","description":"Contactez nous en renseignant vos coordonn\u00e9es pour \u00eatre conseill\u00e9 par nos experts.","robots":{"index":"index","follow":"follow","max-snippet":"max-snippet:-1","max-image-preview":"max-image-preview:large","max-video-preview":"max-video-preview:-1"},"canonical":"https:\/\/althing.fr\/en\/contact\/","og_locale":"en_GB","og_type":"article","og_title":"Contact - ALTHING","og_description":"Contactez nous en renseignant vos coordonn\u00e9es pour \u00eatre conseill\u00e9 par nos experts.","og_url":"https:\/\/althing.fr\/en\/contact\/","og_site_name":"ALTHING","article_modified_time":"2026-02-05T08:33:04+00:00","twitter_card":"summary_large_image","twitter_misc":{"Estimated reading time":"2 minutes"},"schema":{"@context":"https:\/\/schema.org","@graph":[{"@type":"WebPage","@id":"https:\/\/althing.fr\/contact\/","url":"https:\/\/althing.fr\/contact\/","name":"Contact - ALTHING","isPartOf":{"@id":"https:\/\/althing.fr\/#website"},"datePublished":"2021-02-22T10:55:23+00:00","dateModified":"2026-02-05T08:33:04+00:00","description":"Contactez nous en renseignant vos coordonn\u00e9es pour \u00eatre conseill\u00e9 par nos experts.","breadcrumb":{"@id":"https:\/\/althing.fr\/contact\/#breadcrumb"},"inLanguage":"en-GB","potentialAction":[{"@type":"ReadAction","target":["https:\/\/althing.fr\/contact\/"]}]},{"@type":"BreadcrumbList","@id":"https:\/\/althing.fr\/contact\/#breadcrumb","itemListElement":[{"@type":"ListItem","position":1,"name":"Accueil","item":"https:\/\/althing.fr\/"},{"@type":"ListItem","position":2,"name":"Contact"}]},{"@type":"WebSite","@id":"https:\/\/althing.fr\/#website","url":"https:\/\/althing.fr\/","name":"ALTHING","description":"Conseil en s\u00fbret\u00e9 et s\u00e9curit\u00e9 publique au lieu de s\u00e9curit\u00e9 et intelligence \u00e9conomique","publisher":{"@id":"https:\/\/althing.fr\/#organization"},"potentialAction":[{"@type":"SearchAction","target":{"@type":"EntryPoint","urlTemplate":"https:\/\/althing.fr\/?s={search_term_string}"},"query-input":{"@type":"PropertyValueSpecification","valueRequired":true,"valueName":"search_term_string"}}],"inLanguage":"en-GB"},{"@type":"Organization","@id":"https:\/\/althing.fr\/#organization","name":"Ecole 89","url":"https:\/\/althing.fr\/","logo":{"@type":"ImageObject","inLanguage":"en-GB","@id":"https:\/\/althing.fr\/#\/schema\/logo\/image\/","url":"","contentUrl":"","caption":"Ecole 89"},"image":{"@id":"https:\/\/althing.fr\/#\/schema\/logo\/image\/"}}]}},"_links":{"self":[{"href":"https:\/\/althing.fr\/en\/wp-json\/wp\/v2\/pages\/86898","targetHints":{"allow":["GET"]}}],"collection":[{"href":"https:\/\/althing.fr\/en\/wp-json\/wp\/v2\/pages"}],"about":[{"href":"https:\/\/althing.fr\/en\/wp-json\/wp\/v2\/types\/page"}],"author":[{"embeddable":true,"href":"https:\/\/althing.fr\/en\/wp-json\/wp\/v2\/users\/16"}],"replies":[{"embeddable":true,"href":"https:\/\/althing.fr\/en\/wp-json\/wp\/v2\/comments?post=86898"}],"version-history":[{"count":46,"href":"https:\/\/althing.fr\/en\/wp-json\/wp\/v2\/pages\/86898\/revisions"}],"predecessor-version":[{"id":88162,"href":"https:\/\/althing.fr\/en\/wp-json\/wp\/v2\/pages\/86898\/revisions\/88162"}],"wp:attachment":[{"href":"https:\/\/althing.fr\/en\/wp-json\/wp\/v2\/media?parent=86898"}],"curies":[{"name":"wp","href":"https:\/\/api.w.org\/{rel}","templated":true}]}}