{"id":86896,"date":"2021-02-22T11:55:10","date_gmt":"2021-02-22T10:55:10","guid":{"rendered":"https:\/\/althing.fr\/?page_id=86896"},"modified":"2026-02-04T11:13:53","modified_gmt":"2026-02-04T10:13:53","slug":"references","status":"publish","type":"page","link":"https:\/\/althing.fr\/en\/references\/","title":{"rendered":"References"},"content":{"rendered":"<div data-parent=\"true\" class=\"vc_row alt-section row-container boomapps_vcrow\"><div class=\"row limit-width row-parent\"><div class=\"row-inner\"><div class=\"pos-top pos-center align_left column_parent col-lg-12 boomapps_vccolumn single-internal-gutter\"><div class=\"uncol style-light animate_when_almost_visible bottom-t-top\"  ><div class=\"uncoltable\"><div class=\"uncell  boomapps_vccolumn no-block-padding\"><div class=\"uncont\"><div class=\"empty-space empty-single\"><span class=\"empty-space-inner\"><\/span><\/div>\n\n\t<div class=\"wpb_raw_code wpb_content_element wpb_raw_html\" >\n\t\t<div class=\"wpb_wrapper\">\n\t\t\t<h1 class=\"title-one is-mid\"><span>our<\/span>&nbsp;Missions<\/h1>\n\t\t<\/div>\n\t<\/div>\n<div class=\"uncode_text_column\" ><p style=\"text-align: center;\">ALTHING operates both in France and internationally, working with both public and private stakeholders.<\/p>\n<\/div><div class=\"offers-container missions-container row-internal row-container boomapps_vcrow\"><div class=\"row row-child\"><div class=\"row-inner\"><div class=\"pos-top pos-center align_left column_child col-lg-12 boomapps_vccolumn single-internal-gutter\"><div class=\"uncol style-light\" ><div class=\"uncoltable\"><div class=\"uncell  boomapps_vccolumn no-block-padding\"><div class=\"uncont\"><div class=\"owl-carousel-wrapper\">\n\t\t\t\t\t<div class=\"owl-carousel-container owl-carousel-loading half-gutter\">\n\t\t\t<div id=\"index-851309\" class=\"owl-carousel owl-element owl-height-auto owl-dots-outside owl-dots-align-center\" data-dots=\"true\" data-dotsmobile=\"true\" data-navmobile=\"false\" data-navspeed=\"400\" data-autoplay=\"true\" data-timeout=\"3000\" data-stagepadding=\"0\" data-lg=\"5\" data-md=\"3\" data-sm=\"1\" data-vp-height=\"false\">\n\t\t<div class=\"tmb tmb-carousel tmb-iso-h33 tmb-light tmb-overlay-text-anim tmb-content-left tmb-bordered  tmb-no-double-tap tmb-id-87061 tmb-content-under tmb-media-first tmb-no-bg\">\n\t\t\t\t\t\t<div class=\"t-inside\" ><div class=\"t-entry-visual\"><div class=\"t-entry-visual-tc\"><div class=\"t-entry-visual-cont\"><a tabindex=\"-1\" href=\"https:\/\/althing.fr\/en\/missions\/projets-detat\/\" class=\"pushed\" target=\"_self\" data-lb-index=\"0\"><div class=\"t-entry-visual-overlay\"><div class=\"t-entry-visual-overlay-in style-dark-bg\" style=\"opacity: 0.5;\"><\/div><\/div>\n\t\t\t\t\t\t\t\t\t<div class=\"t-overlay-wrap\">\n\t\t\t\t\t\t\t\t\t\t<div class=\"t-overlay-inner\">\n\t\t\t\t\t\t\t\t\t\t\t<div class=\"t-overlay-content\">\n\t\t\t\t\t\t\t\t\t\t\t\t<div class=\"t-overlay-text single-block-padding\"><div class=\"t-entry t-single-line\"><\/div><\/div><\/div><\/div><\/div><img decoding=\"async\" src=\"https:\/\/althing.fr\/wp-content\/uploads\/2021\/02\/1113449-tribunal-de-paris-renzo-piano-le-31-mars-2018.png\" srcset=\"https:\/\/althing.fr\/wp-content\/uploads\/2021\/02\/1113449-tribunal-de-paris-renzo-piano-le-31-mars-2018.png\" width=\"\" height=\"\" alt=\"\" \/><\/a><\/div>\n\t\t\t\t<\/div>\n\t\t\t<\/div><div class=\"t-entry-text\">\n\t\t\t\t\t\t\t<div class=\"t-entry-text-tc single-block-padding\"><div class=\"t-entry\"><h3 class=\"t-entry-title h6\"><a href=\"https:\/\/althing.fr\/en\/missions\/projets-detat\/\" target=\"_self\">State projects<\/a><\/h3><p class=\"t-entry-type\"><span>mission<\/span><\/p><\/div><\/div>\n\t\t\t\t\t<\/div><\/div>\n\t\t\t\t\t<\/div><div class=\"tmb tmb-carousel tmb-iso-h33 tmb-light tmb-overlay-text-anim tmb-content-left tmb-bordered  tmb-no-double-tap tmb-id-87067 tmb-content-under tmb-media-first tmb-no-bg\">\n\t\t\t\t\t\t<div class=\"t-inside\" ><div class=\"t-entry-visual\"><div class=\"t-entry-visual-tc\"><div class=\"t-entry-visual-cont\"><a tabindex=\"-1\" href=\"https:\/\/althing.fr\/en\/missions\/grands-projets\/\" class=\"pushed\" target=\"_self\" data-lb-index=\"1\"><div class=\"t-entry-visual-overlay\"><div class=\"t-entry-visual-overlay-in style-dark-bg\" style=\"opacity: 0.5;\"><\/div><\/div>\n\t\t\t\t\t\t\t\t\t<div class=\"t-overlay-wrap\">\n\t\t\t\t\t\t\t\t\t\t<div class=\"t-overlay-inner\">\n\t\t\t\t\t\t\t\t\t\t\t<div class=\"t-overlay-content\">\n\t\t\t\t\t\t\t\t\t\t\t\t<div class=\"t-overlay-text single-block-padding\"><div class=\"t-entry t-single-line\"><\/div><\/div><\/div><\/div><\/div><img decoding=\"async\" src=\"https:\/\/althing.fr\/wp-content\/uploads\/2021\/02\/La-Seine-Musicale-Vue-face-630x405-C-Laurent-Boissier.png\" srcset=\"https:\/\/althing.fr\/wp-content\/uploads\/2021\/02\/La-Seine-Musicale-Vue-face-630x405-C-Laurent-Boissier.png\" width=\"\" height=\"\" alt=\"\" \/><\/a><\/div>\n\t\t\t\t<\/div>\n\t\t\t<\/div><div class=\"t-entry-text\">\n\t\t\t\t\t\t\t<div class=\"t-entry-text-tc single-block-padding\"><div class=\"t-entry\"><h3 class=\"t-entry-title h6\"><a href=\"https:\/\/althing.fr\/en\/missions\/grands-projets\/\" target=\"_self\">big projects<\/a><\/h3><p class=\"t-entry-type\"><span>mission<\/span><\/p><\/div><\/div>\n\t\t\t\t\t<\/div><\/div>\n\t\t\t\t\t<\/div><div class=\"tmb tmb-carousel tmb-iso-h33 tmb-light tmb-overlay-text-anim tmb-content-left tmb-bordered  tmb-no-double-tap tmb-id-87068 tmb-content-under tmb-media-first tmb-no-bg\">\n\t\t\t\t\t\t<div class=\"t-inside\" ><div class=\"t-entry-visual\"><div class=\"t-entry-visual-tc\"><div class=\"t-entry-visual-cont\"><a tabindex=\"-1\" href=\"https:\/\/althing.fr\/en\/missions\/entreprises\/\" class=\"pushed\" target=\"_self\" data-lb-index=\"2\"><div class=\"t-entry-visual-overlay\"><div class=\"t-entry-visual-overlay-in style-dark-bg\" style=\"opacity: 0.5;\"><\/div><\/div>\n\t\t\t\t\t\t\t\t\t<div class=\"t-overlay-wrap\">\n\t\t\t\t\t\t\t\t\t\t<div class=\"t-overlay-inner\">\n\t\t\t\t\t\t\t\t\t\t\t<div class=\"t-overlay-content\">\n\t\t\t\t\t\t\t\t\t\t\t\t<div class=\"t-overlay-text single-block-padding\"><div class=\"t-entry t-single-line\"><\/div><\/div><\/div><\/div><\/div><img decoding=\"async\" src=\"https:\/\/althing.fr\/wp-content\/uploads\/2021\/02\/lycs-architecture-U2BI3GMnSSE-unsplash.png\" srcset=\"https:\/\/althing.fr\/wp-content\/uploads\/2021\/02\/lycs-architecture-U2BI3GMnSSE-unsplash.png\" width=\"\" height=\"\" alt=\"\" \/><\/a><\/div>\n\t\t\t\t<\/div>\n\t\t\t<\/div><div class=\"t-entry-text\">\n\t\t\t\t\t\t\t<div class=\"t-entry-text-tc single-block-padding\"><div class=\"t-entry\"><h3 class=\"t-entry-title h6\"><a href=\"https:\/\/althing.fr\/en\/missions\/entreprises\/\" target=\"_self\">Companies<\/a><\/h3><p class=\"t-entry-type\"><span>mission<\/span><\/p><\/div><\/div>\n\t\t\t\t\t<\/div><\/div>\n\t\t\t\t\t<\/div><div class=\"tmb tmb-carousel tmb-iso-h33 tmb-light tmb-overlay-text-anim tmb-content-left tmb-bordered  tmb-no-double-tap tmb-id-87069 tmb-content-under tmb-media-first tmb-no-bg\">\n\t\t\t\t\t\t<div class=\"t-inside\" ><div class=\"t-entry-visual\"><div class=\"t-entry-visual-tc\"><div class=\"t-entry-visual-cont\"><a tabindex=\"-1\" href=\"https:\/\/althing.fr\/en\/missions\/collectivites-territoriales\/\" class=\"pushed\" target=\"_self\" data-lb-index=\"3\"><div class=\"t-entry-visual-overlay\"><div class=\"t-entry-visual-overlay-in style-dark-bg\" style=\"opacity: 0.5;\"><\/div><\/div>\n\t\t\t\t\t\t\t\t\t<div class=\"t-overlay-wrap\">\n\t\t\t\t\t\t\t\t\t\t<div class=\"t-overlay-inner\">\n\t\t\t\t\t\t\t\t\t\t\t<div class=\"t-overlay-content\">\n\t\t\t\t\t\t\t\t\t\t\t\t<div class=\"t-overlay-text single-block-padding\"><div class=\"t-entry t-single-line\"><\/div><\/div><\/div><\/div><\/div><img decoding=\"async\" src=\"https:\/\/althing.fr\/wp-content\/uploads\/2021\/02\/max-kukurudziak-0OAfcUHOmI-unsplash.png\" srcset=\"https:\/\/althing.fr\/wp-content\/uploads\/2021\/02\/max-kukurudziak-0OAfcUHOmI-unsplash.png\" width=\"\" height=\"\" alt=\"\" \/><\/a><\/div>\n\t\t\t\t<\/div>\n\t\t\t<\/div><div class=\"t-entry-text\">\n\t\t\t\t\t\t\t<div class=\"t-entry-text-tc single-block-padding\"><div class=\"t-entry\"><h3 class=\"t-entry-title h6\"><a href=\"https:\/\/althing.fr\/en\/missions\/collectivites-territoriales\/\" target=\"_self\">territorial communities<\/a><\/h3><p class=\"t-entry-type\"><span>mission<\/span><\/p><\/div><\/div>\n\t\t\t\t\t<\/div><\/div>\n\t\t\t\t\t<\/div><div class=\"tmb tmb-carousel tmb-iso-h33 tmb-light tmb-overlay-text-anim tmb-content-left tmb-bordered  tmb-no-double-tap tmb-id-87070 tmb-content-under tmb-media-first tmb-no-bg\">\n\t\t\t\t\t\t<div class=\"t-inside\" ><div class=\"t-entry-visual\"><div class=\"t-entry-visual-tc\"><div class=\"t-entry-visual-cont\"><a tabindex=\"-1\" href=\"https:\/\/althing.fr\/en\/missions\/activites-a-linternational\/\" class=\"pushed\" target=\"_self\" data-lb-index=\"4\"><div class=\"t-entry-visual-overlay\"><div class=\"t-entry-visual-overlay-in style-dark-bg\" style=\"opacity: 0.5;\"><\/div><\/div>\n\t\t\t\t\t\t\t\t\t<div class=\"t-overlay-wrap\">\n\t\t\t\t\t\t\t\t\t\t<div class=\"t-overlay-inner\">\n\t\t\t\t\t\t\t\t\t\t\t<div class=\"t-overlay-content\">\n\t\t\t\t\t\t\t\t\t\t\t\t<div class=\"t-overlay-text single-block-padding\"><div class=\"t-entry t-single-line\"><\/div><\/div><\/div><\/div><\/div><img decoding=\"async\" src=\"https:\/\/althing.fr\/wp-content\/uploads\/2021\/02\/dan-gold-qgvFR8VkPss-unsplash.png\" srcset=\"https:\/\/althing.fr\/wp-content\/uploads\/2021\/02\/dan-gold-qgvFR8VkPss-unsplash.png\" width=\"\" height=\"\" alt=\"\" \/><\/a><\/div>\n\t\t\t\t<\/div>\n\t\t\t<\/div><div class=\"t-entry-text\">\n\t\t\t\t\t\t\t<div class=\"t-entry-text-tc single-block-padding\"><div class=\"t-entry\"><h3 class=\"t-entry-title h6\"><a href=\"https:\/\/althing.fr\/en\/missions\/activites-a-linternational\/\" target=\"_self\">International activities<\/a><\/h3><p class=\"t-entry-type\"><span>mission<\/span><\/p><\/div><\/div>\n\t\t\t\t\t<\/div><\/div>\n\t\t\t\t\t<\/div>\t\t<\/div>\n\n\t\t<\/div>\n\t\t<\/div>\n<\/div><\/div><\/div><\/div><\/div><\/div><\/div><\/div><div class=\"uncode_text_column linker is-mid\" ><p style=\"text-align: center;\"><a href=\"\/wp-content\/uploads\/2026\/02\/Brochure-ALTHING-2026.pdf\" target=\"_blank\" rel=\"noopener\">Check our references<\/a><\/p>\n<\/div><div class=\"empty-space empty-double\"><span class=\"empty-space-inner\"><\/span><\/div>\n<\/div><\/div><\/div><\/div><\/div><script id=\"script-182720\" data-row=\"script-182720\" type=\"text\/javascript\">if ( typeof UNCODE !== \"undefined\" ) { UNCODE.initRow(document.getElementById(\"script-182720\")); }<\/script><\/div><\/div><\/div><div data-parent=\"true\" class=\"vc_row missions-desktop-show row-container onepage-section boomapps_vcrow\" data-label=\"missions-show\" data-name=\"missions-show\"><div class=\"row limit-width row-parent\"><div class=\"row-inner\"><div class=\"pos-top pos-center align_left column_parent col-lg-12 boomapps_vccolumn mobile-hidden single-internal-gutter\"><div class=\"uncol style-light\"  ><div class=\"uncoltable\"><div class=\"uncell  boomapps_vccolumn no-block-padding\"><div class=\"uncont\">\n\t<div class=\"wpb_raw_code wpb_content_element wpb_raw_html\" >\n\t\t<div class=\"wpb_wrapper\">\n\t\t\t<script>\njQuery('.page-id-86896 .missions-container a').click(function(e) {\n   if (jQuery(window).width() > 960) {\n      e.preventDefault();\n      jQuery('.show-mission').removeClass('show-mission');\n      jQuery('html, body').animate({\n        scrollTop: jQuery(\".missions-desktop-show\").offset().top\n      }, 500);\n      let currMissionClasses = jQuery(this).parents('.tmb-iso-h33').attr('class').split(' ');\n      let currMission = \"\";\n      currMissionClasses.forEach(function(item){\n         if (item.indexOf(\"tmb-id-\") > -1) {\n           currMission = item;\n           \/*return false;*\/\n         }\n      });\n      jQuery('.missions-desktop-show .'+currMission).addClass('show-mission');\n   }\n});\n<\/script>\n\t\t<\/div>\n\t<\/div>\n\n\t<div class=\"wpb_raw_code wpb_content_element wpb_raw_html\" >\n\t\t<div class=\"wpb_wrapper\">\n\t\t\t<script>\njQuery('.page-id-86896 .missions-desktop-show .linker a').click(function(e) {\n   if (jQuery(window).width() > 960) {\n      e.preventDefault();\n      jQuery('html, body').animate({\n        scrollTop: jQuery(\".post-86896\").offset().top\n      }, 500);\n   }\n});\n<\/script>\n\t\t<\/div>\n\t<\/div>\n<\/div><\/div><\/div><\/div><\/div><script id=\"script-213954\" data-row=\"script-213954\" type=\"text\/javascript\">if ( typeof UNCODE !== \"undefined\" ) { UNCODE.initRow(document.getElementById(\"script-213954\")); }<\/script><\/div><\/div><\/div><div data-parent=\"true\" class=\"vc_row row-container boomapps_vcrow\"><div class=\"row full-width row-parent\"><div class=\"row-inner\"><div class=\"pos-middle pos-center align_center column_parent col-lg-12 boomapps_vccolumn single-internal-gutter\"><div class=\"uncol style-light animate_when_almost_visible bottom-t-top\"  ><div class=\"uncoltable\"><div class=\"uncell  boomapps_vccolumn no-block-padding\"><div class=\"uncont\"><div class=\"uncode-single-media  is-mid max-limit-arch text-left\"><div class=\"single-wrapper\" style=\"max-width: 100%;\"><div class=\"tmb tmb-light  tmb-media-first tmb-media-last tmb-content-overlay tmb-no-bg\">\n\t\t\t\t\t\t<div class=\"t-inside\"><div class=\"t-entry-visual\"><div class=\"t-entry-visual-tc\"><div class=\"uncode-single-media-wrapper\">\n\t\t\t\t\t\t\t\t\t<img decoding=\"async\" src=\"https:\/\/althing.fr\/wp-content\/uploads\/2026\/01\/cropped-ALTHING-Logo-embleme--e1768985919338.png\" srcset=\"https:\/\/althing.fr\/wp-content\/uploads\/2026\/01\/cropped-ALTHING-Logo-embleme--e1768985919338.png\" width=\"\" height=\"\" alt=\"\"><\/div>\n\t\t\t\t<\/div>\n\t\t\t<\/div><\/div>\n\t\t\t\t\t<\/div><\/div><\/div>\n\t<div class=\"wpb_raw_code wpb_content_element wpb_raw_html\" >\n\t\t<div class=\"wpb_wrapper\">\n\t\t\t<p class=\"title-one is-mid\"><span>let\u2019s work<\/span><br\/>together<\/p>\n\t\t<\/div>\n\t<\/div>\n<div class=\"uncode_text_column\" ><p style=\"text-align: center;\">Contact us to learn more or get information<br \/>\nabout your project<\/p>\n<\/div><\/div><\/div><\/div><\/div><\/div><script id=\"script-163770\" data-row=\"script-163770\" type=\"text\/javascript\">if ( typeof UNCODE !== \"undefined\" ) { UNCODE.initRow(document.getElementById(\"script-163770\")); }<\/script><\/div><\/div><\/div><div data-parent=\"true\" class=\"vc_row row-container boomapps_vcrow\"><div class=\"row limit-width row-parent\"><div class=\"row-inner\"><div class=\"pos-top pos-center align_left column_parent col-lg-12 boomapps_vccolumn single-internal-gutter\"><div class=\"uncol style-light animate_when_almost_visible bottom-t-top\"  ><div class=\"uncoltable\"><div class=\"uncell  boomapps_vccolumn no-block-padding\"><div class=\"uncont\"><div class=\"uncode_text_column address\" ><p style=\"text-align: center;\"><strong>ALTHING<\/strong><br \/>\n<strong>44, rue Chanzy \u2013 75011 PARIS<\/strong><br \/>\n<strong>+33(0) 1 58 39 30 25<\/strong><\/p>\n<\/div><\/div><\/div><\/div><\/div><\/div><script id=\"script-454938\" data-row=\"script-454938\" type=\"text\/javascript\">if ( typeof UNCODE !== \"undefined\" ) { UNCODE.initRow(document.getElementById(\"script-454938\")); }<\/script><\/div><\/div><\/div><div data-parent=\"true\" class=\"vc_row footer-image-container row-container boomapps_vcrow\"><div class=\"row full-width row-parent\"><div class=\"row-inner\"><div class=\"pos-top pos-center align_left column_parent col-lg-12 boomapps_vccolumn single-internal-gutter\"><div class=\"uncol style-light\"  ><div class=\"uncoltable\"><div class=\"uncell  boomapps_vccolumn no-block-padding\"><div class=\"uncont\">\n\t<div class=\"wpb_raw_code wpb_content_element wpb_raw_html\" >\n\t\t<div class=\"wpb_wrapper\">\n\t\t\t<div class=\"footer-image\" style=\"background-image: url('\/wp-content\/uploads\/2021\/03\/14-bas-de-page-nos-references-1.jpg')\" \/>\n\t\t<\/div>\n\t<\/div>\n<\/div><\/div><\/div><\/div><\/div><script id=\"script-116461\" data-row=\"script-116461\" type=\"text\/javascript\">if ( typeof UNCODE !== \"undefined\" ) { UNCODE.initRow(document.getElementById(\"script-116461\")); }<\/script><\/div><\/div><\/div>","protected":false},"excerpt":{"rendered":"&hellip;","protected":false},"author":16,"featured_media":0,"parent":0,"menu_order":0,"comment_status":"closed","ping_status":"closed","template":"","meta":{"footnotes":""},"class_list":["post-86896","page","type-page","status-publish","hentry"],"yoast_head":"<!-- This site is optimized with the Yoast SEO plugin v26.3 - https:\/\/yoast.com\/wordpress\/plugins\/seo\/ -->\n<title>R\u00e9f\u00e9rences - ALTHING, cabinet d&#039;\u00e9tude s\u00fbret\u00e9 et s\u00e9curit\u00e9 publique<\/title>\n<meta name=\"description\" content=\"D\u00e9couvrez en d\u00e9tail les projets d\u2019ALTHING ou t\u00e9l\u00e9chargez notre book de r\u00e9f\u00e9rences. Althing vous accompagne depuis 1998.\" \/>\n<meta name=\"robots\" content=\"index, follow, max-snippet:-1, max-image-preview:large, max-video-preview:-1\" \/>\n<link rel=\"canonical\" href=\"https:\/\/althing.fr\/en\/references\/\" \/>\n<meta property=\"og:locale\" content=\"en_GB\" \/>\n<meta property=\"og:type\" content=\"article\" \/>\n<meta property=\"og:title\" content=\"R\u00e9f\u00e9rences - ALTHING, cabinet d&#039;\u00e9tude s\u00fbret\u00e9 et s\u00e9curit\u00e9 publique\" \/>\n<meta property=\"og:description\" content=\"D\u00e9couvrez en d\u00e9tail les projets d\u2019ALTHING ou t\u00e9l\u00e9chargez notre book de r\u00e9f\u00e9rences. Althing vous accompagne depuis 1998.\" \/>\n<meta property=\"og:url\" content=\"https:\/\/althing.fr\/en\/references\/\" \/>\n<meta property=\"og:site_name\" content=\"ALTHING\" \/>\n<meta property=\"article:modified_time\" content=\"2026-02-04T10:13:53+00:00\" \/>\n<meta name=\"twitter:card\" content=\"summary_large_image\" \/>\n<meta name=\"twitter:label1\" content=\"Estimated reading time\" \/>\n\t<meta name=\"twitter:data1\" content=\"1 minute\" \/>\n<script type=\"application\/ld+json\" class=\"yoast-schema-graph\">{\"@context\":\"https:\/\/schema.org\",\"@graph\":[{\"@type\":\"WebPage\",\"@id\":\"https:\/\/althing.fr\/references\/\",\"url\":\"https:\/\/althing.fr\/references\/\",\"name\":\"R\u00e9f\u00e9rences - ALTHING, cabinet d'\u00e9tude s\u00fbret\u00e9 et s\u00e9curit\u00e9 publique\",\"isPartOf\":{\"@id\":\"https:\/\/althing.fr\/#website\"},\"datePublished\":\"2021-02-22T10:55:10+00:00\",\"dateModified\":\"2026-02-04T10:13:53+00:00\",\"description\":\"D\u00e9couvrez en d\u00e9tail les projets d\u2019ALTHING ou t\u00e9l\u00e9chargez notre book de r\u00e9f\u00e9rences. Althing vous accompagne depuis 1998.\",\"breadcrumb\":{\"@id\":\"https:\/\/althing.fr\/references\/#breadcrumb\"},\"inLanguage\":\"en-GB\",\"potentialAction\":[{\"@type\":\"ReadAction\",\"target\":[\"https:\/\/althing.fr\/references\/\"]}]},{\"@type\":\"BreadcrumbList\",\"@id\":\"https:\/\/althing.fr\/references\/#breadcrumb\",\"itemListElement\":[{\"@type\":\"ListItem\",\"position\":1,\"name\":\"Accueil\",\"item\":\"https:\/\/althing.fr\/\"},{\"@type\":\"ListItem\",\"position\":2,\"name\":\"R\u00e9f\u00e9rences\"}]},{\"@type\":\"WebSite\",\"@id\":\"https:\/\/althing.fr\/#website\",\"url\":\"https:\/\/althing.fr\/\",\"name\":\"ALTHING\",\"description\":\"Conseil en s\u00fbret\u00e9 et s\u00e9curit\u00e9 publique au lieu de s\u00e9curit\u00e9 et intelligence \u00e9conomique\",\"publisher\":{\"@id\":\"https:\/\/althing.fr\/#organization\"},\"potentialAction\":[{\"@type\":\"SearchAction\",\"target\":{\"@type\":\"EntryPoint\",\"urlTemplate\":\"https:\/\/althing.fr\/?s={search_term_string}\"},\"query-input\":{\"@type\":\"PropertyValueSpecification\",\"valueRequired\":true,\"valueName\":\"search_term_string\"}}],\"inLanguage\":\"en-GB\"},{\"@type\":\"Organization\",\"@id\":\"https:\/\/althing.fr\/#organization\",\"name\":\"Ecole 89\",\"url\":\"https:\/\/althing.fr\/\",\"logo\":{\"@type\":\"ImageObject\",\"inLanguage\":\"en-GB\",\"@id\":\"https:\/\/althing.fr\/#\/schema\/logo\/image\/\",\"url\":\"\",\"contentUrl\":\"\",\"caption\":\"Ecole 89\"},\"image\":{\"@id\":\"https:\/\/althing.fr\/#\/schema\/logo\/image\/\"}}]}<\/script>\n<!-- \/ Yoast SEO plugin. -->","yoast_head_json":{"title":"R\u00e9f\u00e9rences - ALTHING, cabinet d'\u00e9tude s\u00fbret\u00e9 et s\u00e9curit\u00e9 publique","description":"D\u00e9couvrez en d\u00e9tail les projets d\u2019ALTHING ou t\u00e9l\u00e9chargez notre book de r\u00e9f\u00e9rences. Althing vous accompagne depuis 1998.","robots":{"index":"index","follow":"follow","max-snippet":"max-snippet:-1","max-image-preview":"max-image-preview:large","max-video-preview":"max-video-preview:-1"},"canonical":"https:\/\/althing.fr\/en\/references\/","og_locale":"en_GB","og_type":"article","og_title":"R\u00e9f\u00e9rences - ALTHING, cabinet d'\u00e9tude s\u00fbret\u00e9 et s\u00e9curit\u00e9 publique","og_description":"D\u00e9couvrez en d\u00e9tail les projets d\u2019ALTHING ou t\u00e9l\u00e9chargez notre book de r\u00e9f\u00e9rences. Althing vous accompagne depuis 1998.","og_url":"https:\/\/althing.fr\/en\/references\/","og_site_name":"ALTHING","article_modified_time":"2026-02-04T10:13:53+00:00","twitter_card":"summary_large_image","twitter_misc":{"Estimated reading time":"1 minute"},"schema":{"@context":"https:\/\/schema.org","@graph":[{"@type":"WebPage","@id":"https:\/\/althing.fr\/references\/","url":"https:\/\/althing.fr\/references\/","name":"R\u00e9f\u00e9rences - ALTHING, cabinet d'\u00e9tude s\u00fbret\u00e9 et s\u00e9curit\u00e9 publique","isPartOf":{"@id":"https:\/\/althing.fr\/#website"},"datePublished":"2021-02-22T10:55:10+00:00","dateModified":"2026-02-04T10:13:53+00:00","description":"D\u00e9couvrez en d\u00e9tail les projets d\u2019ALTHING ou t\u00e9l\u00e9chargez notre book de r\u00e9f\u00e9rences. Althing vous accompagne depuis 1998.","breadcrumb":{"@id":"https:\/\/althing.fr\/references\/#breadcrumb"},"inLanguage":"en-GB","potentialAction":[{"@type":"ReadAction","target":["https:\/\/althing.fr\/references\/"]}]},{"@type":"BreadcrumbList","@id":"https:\/\/althing.fr\/references\/#breadcrumb","itemListElement":[{"@type":"ListItem","position":1,"name":"Accueil","item":"https:\/\/althing.fr\/"},{"@type":"ListItem","position":2,"name":"R\u00e9f\u00e9rences"}]},{"@type":"WebSite","@id":"https:\/\/althing.fr\/#website","url":"https:\/\/althing.fr\/","name":"ALTHING","description":"Conseil en s\u00fbret\u00e9 et s\u00e9curit\u00e9 publique au lieu de s\u00e9curit\u00e9 et intelligence \u00e9conomique","publisher":{"@id":"https:\/\/althing.fr\/#organization"},"potentialAction":[{"@type":"SearchAction","target":{"@type":"EntryPoint","urlTemplate":"https:\/\/althing.fr\/?s={search_term_string}"},"query-input":{"@type":"PropertyValueSpecification","valueRequired":true,"valueName":"search_term_string"}}],"inLanguage":"en-GB"},{"@type":"Organization","@id":"https:\/\/althing.fr\/#organization","name":"Ecole 89","url":"https:\/\/althing.fr\/","logo":{"@type":"ImageObject","inLanguage":"en-GB","@id":"https:\/\/althing.fr\/#\/schema\/logo\/image\/","url":"","contentUrl":"","caption":"Ecole 89"},"image":{"@id":"https:\/\/althing.fr\/#\/schema\/logo\/image\/"}}]}},"_links":{"self":[{"href":"https:\/\/althing.fr\/en\/wp-json\/wp\/v2\/pages\/86896","targetHints":{"allow":["GET"]}}],"collection":[{"href":"https:\/\/althing.fr\/en\/wp-json\/wp\/v2\/pages"}],"about":[{"href":"https:\/\/althing.fr\/en\/wp-json\/wp\/v2\/types\/page"}],"author":[{"embeddable":true,"href":"https:\/\/althing.fr\/en\/wp-json\/wp\/v2\/users\/16"}],"replies":[{"embeddable":true,"href":"https:\/\/althing.fr\/en\/wp-json\/wp\/v2\/comments?post=86896"}],"version-history":[{"count":32,"href":"https:\/\/althing.fr\/en\/wp-json\/wp\/v2\/pages\/86896\/revisions"}],"predecessor-version":[{"id":88152,"href":"https:\/\/althing.fr\/en\/wp-json\/wp\/v2\/pages\/86896\/revisions\/88152"}],"wp:attachment":[{"href":"https:\/\/althing.fr\/en\/wp-json\/wp\/v2\/media?parent=86896"}],"curies":[{"name":"wp","href":"https:\/\/api.w.org\/{rel}","templated":true}]}}