{"id":85183,"date":"2020-11-20T13:26:50","date_gmt":"2020-11-20T12:26:50","guid":{"rendered":"https:\/\/althing.fr\/?page_id=85183"},"modified":"2026-03-25T10:48:14","modified_gmt":"2026-03-25T09:48:14","slug":"soon","status":"publish","type":"page","link":"https:\/\/althing.fr\/en\/","title":{"rendered":"Accueil"},"content":{"rendered":"<div data-parent=\"true\" class=\"vc_row particles-background animate_when_almost_visible right-t-left row-container boomapps_vcrow\"><div class=\"row limit-width row-parent\"><div class=\"row-inner\"><div class=\"pos-top pos-center align_center column_parent col-lg-12 boomapps_vccolumn single-internal-gutter\"><div class=\"uncol style-light animate_when_almost_visible right-t-left\"  ><div class=\"uncoltable\"><div class=\"uncell  boomapps_vccolumn no-block-padding\"><div class=\"uncont\"><div class=\"empty-space empty-double\"><span class=\"empty-space-inner\"><\/span><\/div>\n<div class=\"max-row-size row-internal row-container boomapps_vcrow\"><div class=\"row row-child\"><div class=\"row-inner\"><div class=\"pos-top pos-center align_left column_child col-lg-6 boomapps_vccolumn single-internal-gutter\"><div class=\"uncol style-light animate_when_almost_visible right-t-left\" ><div class=\"uncoltable\"><div class=\"uncell  boomapps_vccolumn no-block-padding\"><div class=\"uncont\">\n\t<div class=\"wpb_raw_code wpb_content_element wpb_raw_html\" >\n\t\t<div class=\"wpb_wrapper\">\n\t\t\t<h1 class=\"title-one\">\n<span>Consulting<\/span><span> firm in <br\/>public safety and security<\/span>\n<\/h1>\n\t\t<\/div>\n\t<\/div>\n<div class=\"uncode_text_column justify-me\" ><p>Since 1998, ALTHING has been supporting both public and private actors in defining, implementing, and evaluating their security policies, in France as well as internationally.<\/p>\n<p>Our asset? Combining experience with technological innovation. ALTHING is a subsidiary of the SPALLIAN Group, a French software publisher specializing in data analysis solutions powered by AI. <strong>L\u2019expertise et la souverainet\u00e9 technologique sont au c\u0153ur de notre ADN.<\/strong><\/p>\n<\/div><div class=\"uncode_text_column linker\" ><p><a href=\"\/en\/qui-sommes-nous\/\">About us<\/a><\/p>\n<\/div><\/div><\/div><\/div><\/div><\/div><div class=\"pos-bottom pos-center align_center column_child col-lg-6 boomapps_vccolumn single-internal-gutter\"><div class=\"uncol style-light animate_when_almost_visible right-t-left\" ><div class=\"uncoltable\"><div class=\"uncell  boomapps_vccolumn no-block-padding\"><div class=\"uncont\"><\/div><\/div><\/div><\/div><\/div><\/div><\/div><\/div><div class=\"empty-space empty-double\"><span class=\"empty-space-inner\"><\/span><\/div>\n<\/div><\/div><\/div><\/div><\/div><script id=\"script-148893\" data-row=\"script-148893\" type=\"text\/javascript\">if ( typeof UNCODE !== \"undefined\" ) { UNCODE.initRow(document.getElementById(\"script-148893\")); }<\/script><\/div><\/div><\/div><div data-parent=\"true\" class=\"vc_row row-container boomapps_vcrow\"><div class=\"row limit-width row-parent\"><div class=\"row-inner\"><div class=\"pos-top pos-center align_left column_parent col-lg-12 boomapps_vccolumn single-internal-gutter\"><div class=\"uncol style-light\"  ><div class=\"uncoltable\"><div class=\"uncell  boomapps_vccolumn no-block-padding\"><div class=\"uncont\"><\/div><\/div><\/div><\/div><\/div><script id=\"script-184152\" data-row=\"script-184152\" type=\"text\/javascript\">if ( typeof UNCODE !== \"undefined\" ) { UNCODE.initRow(document.getElementById(\"script-184152\")); }<\/script><\/div><\/div><\/div>","protected":false},"excerpt":{"rendered":"Conseil en s\u00fbret\u00e9 & s\u00e9curit\u00e9 publique Depuis 1998, ALTHING accompagne des acteurs tant publics que priv\u00e9s dans la d\u00e9finition, la [...]","protected":false},"author":16,"featured_media":0,"parent":0,"menu_order":0,"comment_status":"closed","ping_status":"closed","template":"","meta":{"footnotes":""},"class_list":["post-85183","page","type-page","status-publish","hentry"],"yoast_head":"<!-- This site is optimized with the Yoast SEO plugin v26.3 - https:\/\/yoast.com\/wordpress\/plugins\/seo\/ -->\n<title>ALTHING - Conseil en s\u00fbret\u00e9 et s\u00e9curit\u00e9 publique<\/title>\n<meta name=\"description\" content=\"Sp\u00e9cialis\u00e9 dans l&#039;exploitation de la smart data, Althing construit avec vous l&#039;architecture de s\u00fbret\u00e9 adapt\u00e9e \u00e0 vos besoins.\" \/>\n<meta name=\"robots\" content=\"index, follow, max-snippet:-1, max-image-preview:large, max-video-preview:-1\" \/>\n<link rel=\"canonical\" href=\"https:\/\/althing.fr\/en\/\" \/>\n<meta property=\"og:locale\" content=\"en_GB\" \/>\n<meta property=\"og:type\" content=\"article\" \/>\n<meta property=\"og:title\" content=\"ALTHING - Conseil en s\u00fbret\u00e9 et s\u00e9curit\u00e9 publique\" \/>\n<meta property=\"og:description\" content=\"Sp\u00e9cialis\u00e9 dans l&#039;exploitation de la smart data, Althing construit avec vous l&#039;architecture de s\u00fbret\u00e9 adapt\u00e9e \u00e0 vos besoins.\" \/>\n<meta property=\"og:url\" content=\"https:\/\/althing.fr\/en\/\" \/>\n<meta property=\"og:site_name\" content=\"ALTHING\" \/>\n<meta property=\"article:modified_time\" content=\"2026-03-25T09:48:14+00:00\" \/>\n<meta name=\"twitter:card\" content=\"summary_large_image\" \/>\n<meta name=\"twitter:label1\" content=\"Estimated reading time\" \/>\n\t<meta name=\"twitter:data1\" content=\"1 minute\" \/>\n<script type=\"application\/ld+json\" class=\"yoast-schema-graph\">{\"@context\":\"https:\/\/schema.org\",\"@graph\":[{\"@type\":\"WebPage\",\"@id\":\"https:\/\/althing.fr\/\",\"url\":\"https:\/\/althing.fr\/\",\"name\":\"ALTHING - Conseil en s\u00fbret\u00e9 et s\u00e9curit\u00e9 publique\",\"isPartOf\":{\"@id\":\"https:\/\/althing.fr\/#website\"},\"datePublished\":\"2020-11-20T12:26:50+00:00\",\"dateModified\":\"2026-03-25T09:48:14+00:00\",\"description\":\"Sp\u00e9cialis\u00e9 dans l'exploitation de la smart data, Althing construit avec vous l'architecture de s\u00fbret\u00e9 adapt\u00e9e \u00e0 vos besoins.\",\"breadcrumb\":{\"@id\":\"https:\/\/althing.fr\/#breadcrumb\"},\"inLanguage\":\"en-GB\",\"potentialAction\":[{\"@type\":\"ReadAction\",\"target\":[\"https:\/\/althing.fr\/\"]}]},{\"@type\":\"BreadcrumbList\",\"@id\":\"https:\/\/althing.fr\/#breadcrumb\",\"itemListElement\":[{\"@type\":\"ListItem\",\"position\":1,\"name\":\"Accueil\",\"item\":\"https:\/\/althing.fr\/\"},{\"@type\":\"ListItem\",\"position\":2,\"name\":\"Accueil\"}]},{\"@type\":\"WebSite\",\"@id\":\"https:\/\/althing.fr\/#website\",\"url\":\"https:\/\/althing.fr\/\",\"name\":\"ALTHING\",\"description\":\"Conseil en s\u00fbret\u00e9 et s\u00e9curit\u00e9 publique au lieu de s\u00e9curit\u00e9 et intelligence \u00e9conomique\",\"publisher\":{\"@id\":\"https:\/\/althing.fr\/#organization\"},\"potentialAction\":[{\"@type\":\"SearchAction\",\"target\":{\"@type\":\"EntryPoint\",\"urlTemplate\":\"https:\/\/althing.fr\/?s={search_term_string}\"},\"query-input\":{\"@type\":\"PropertyValueSpecification\",\"valueRequired\":true,\"valueName\":\"search_term_string\"}}],\"inLanguage\":\"en-GB\"},{\"@type\":\"Organization\",\"@id\":\"https:\/\/althing.fr\/#organization\",\"name\":\"Ecole 89\",\"url\":\"https:\/\/althing.fr\/\",\"logo\":{\"@type\":\"ImageObject\",\"inLanguage\":\"en-GB\",\"@id\":\"https:\/\/althing.fr\/#\/schema\/logo\/image\/\",\"url\":\"\",\"contentUrl\":\"\",\"caption\":\"Ecole 89\"},\"image\":{\"@id\":\"https:\/\/althing.fr\/#\/schema\/logo\/image\/\"}}]}<\/script>\n<!-- \/ Yoast SEO plugin. -->","yoast_head_json":{"title":"ALTHING - Conseil en s\u00fbret\u00e9 et s\u00e9curit\u00e9 publique","description":"Sp\u00e9cialis\u00e9 dans l'exploitation de la smart data, Althing construit avec vous l'architecture de s\u00fbret\u00e9 adapt\u00e9e \u00e0 vos besoins.","robots":{"index":"index","follow":"follow","max-snippet":"max-snippet:-1","max-image-preview":"max-image-preview:large","max-video-preview":"max-video-preview:-1"},"canonical":"https:\/\/althing.fr\/en\/","og_locale":"en_GB","og_type":"article","og_title":"ALTHING - Conseil en s\u00fbret\u00e9 et s\u00e9curit\u00e9 publique","og_description":"Sp\u00e9cialis\u00e9 dans l'exploitation de la smart data, Althing construit avec vous l'architecture de s\u00fbret\u00e9 adapt\u00e9e \u00e0 vos besoins.","og_url":"https:\/\/althing.fr\/en\/","og_site_name":"ALTHING","article_modified_time":"2026-03-25T09:48:14+00:00","twitter_card":"summary_large_image","twitter_misc":{"Estimated reading time":"1 minute"},"schema":{"@context":"https:\/\/schema.org","@graph":[{"@type":"WebPage","@id":"https:\/\/althing.fr\/","url":"https:\/\/althing.fr\/","name":"ALTHING - Conseil en s\u00fbret\u00e9 et s\u00e9curit\u00e9 publique","isPartOf":{"@id":"https:\/\/althing.fr\/#website"},"datePublished":"2020-11-20T12:26:50+00:00","dateModified":"2026-03-25T09:48:14+00:00","description":"Sp\u00e9cialis\u00e9 dans l'exploitation de la smart data, Althing construit avec vous l'architecture de s\u00fbret\u00e9 adapt\u00e9e \u00e0 vos besoins.","breadcrumb":{"@id":"https:\/\/althing.fr\/#breadcrumb"},"inLanguage":"en-GB","potentialAction":[{"@type":"ReadAction","target":["https:\/\/althing.fr\/"]}]},{"@type":"BreadcrumbList","@id":"https:\/\/althing.fr\/#breadcrumb","itemListElement":[{"@type":"ListItem","position":1,"name":"Accueil","item":"https:\/\/althing.fr\/"},{"@type":"ListItem","position":2,"name":"Accueil"}]},{"@type":"WebSite","@id":"https:\/\/althing.fr\/#website","url":"https:\/\/althing.fr\/","name":"ALTHING","description":"Conseil en s\u00fbret\u00e9 et s\u00e9curit\u00e9 publique au lieu de s\u00e9curit\u00e9 et intelligence \u00e9conomique","publisher":{"@id":"https:\/\/althing.fr\/#organization"},"potentialAction":[{"@type":"SearchAction","target":{"@type":"EntryPoint","urlTemplate":"https:\/\/althing.fr\/?s={search_term_string}"},"query-input":{"@type":"PropertyValueSpecification","valueRequired":true,"valueName":"search_term_string"}}],"inLanguage":"en-GB"},{"@type":"Organization","@id":"https:\/\/althing.fr\/#organization","name":"Ecole 89","url":"https:\/\/althing.fr\/","logo":{"@type":"ImageObject","inLanguage":"en-GB","@id":"https:\/\/althing.fr\/#\/schema\/logo\/image\/","url":"","contentUrl":"","caption":"Ecole 89"},"image":{"@id":"https:\/\/althing.fr\/#\/schema\/logo\/image\/"}}]}},"_links":{"self":[{"href":"https:\/\/althing.fr\/en\/wp-json\/wp\/v2\/pages\/85183","targetHints":{"allow":["GET"]}}],"collection":[{"href":"https:\/\/althing.fr\/en\/wp-json\/wp\/v2\/pages"}],"about":[{"href":"https:\/\/althing.fr\/en\/wp-json\/wp\/v2\/types\/page"}],"author":[{"embeddable":true,"href":"https:\/\/althing.fr\/en\/wp-json\/wp\/v2\/users\/16"}],"replies":[{"embeddable":true,"href":"https:\/\/althing.fr\/en\/wp-json\/wp\/v2\/comments?post=85183"}],"version-history":[{"count":145,"href":"https:\/\/althing.fr\/en\/wp-json\/wp\/v2\/pages\/85183\/revisions"}],"predecessor-version":[{"id":88261,"href":"https:\/\/althing.fr\/en\/wp-json\/wp\/v2\/pages\/85183\/revisions\/88261"}],"wp:attachment":[{"href":"https:\/\/althing.fr\/en\/wp-json\/wp\/v2\/media?parent=85183"}],"curies":[{"name":"wp","href":"https:\/\/api.w.org\/{rel}","templated":true}]}}